{"id":1674,"date":"2025-03-03T09:13:13","date_gmt":"2025-03-03T14:13:13","guid":{"rendered":"https:\/\/www.fimav.qc.ca\/news\/"},"modified":"2026-02-11T11:20:39","modified_gmt":"2026-02-11T16:20:39","slug":"news","status":"publish","type":"page","link":"https:\/\/www.fimav.qc.ca\/en\/news\/","title":{"rendered":"News"},"content":{"rendered":"\n<div class=\"wp-block-group gtm-section-compo\"><div class=\"wp-block-group__inner-container is-layout-constrained wp-block-group-is-layout-constrained\">\n<h1 class=\"wp-block-heading gtm-titre-bg-white-section\">News<\/h1>\n\n\n\n<div class=\"wp-block-group gtm-section-bg-white\"><div class=\"wp-block-group__inner-container is-layout-constrained wp-block-group-is-layout-constrained\">\n<div class=\"wp-block-query gtm-nouvelles is-layout-flow wp-block-query-is-layout-flow\"><ul class=\"wp-block-post-template is-layout-flow wp-block-post-template-is-layout-flow\"><li class=\"wp-block-post post-6025 post type-post status-publish format-standard has-post-thumbnail hentry category-news\">\n\n<div class=\"wp-block-columns alignwide is-layout-flex wp-container-core-columns-is-layout-28f84493 wp-block-columns-is-layout-flex\">\n<div class=\"wp-block-column is-layout-flow wp-block-column-is-layout-flow\" style=\"flex-basis:33.33%\"><figure style=\"aspect-ratio:1;\" class=\"wp-block-post-featured-image\"><a href=\"https:\/\/www.fimav.qc.ca\/en\/2026\/04\/14\/fimav-42-quartier-general\/\" target=\"_self\"  ><img loading=\"lazy\" decoding=\"async\" width=\"600\" height=\"400\" src=\"https:\/\/www.fimav.qc.ca\/wp-content\/uploads\/2026\/04\/F26-QG-600x400-1.png\" class=\"attachment-post-thumbnail size-post-thumbnail wp-post-image\" alt=\"FIMAV 42 Quartier g\u00e9n\u00e9ral\" style=\"width:100%;height:100%;object-fit:cover;\" srcset=\"https:\/\/www.fimav.qc.ca\/wp-content\/uploads\/2026\/04\/F26-QG-600x400-1.png 600w, https:\/\/www.fimav.qc.ca\/wp-content\/uploads\/2026\/04\/F26-QG-600x400-1-300x200.png 300w, https:\/\/www.fimav.qc.ca\/wp-content\/uploads\/2026\/04\/F26-QG-600x400-1-24x16.png 24w, https:\/\/www.fimav.qc.ca\/wp-content\/uploads\/2026\/04\/F26-QG-600x400-1-36x24.png 36w, https:\/\/www.fimav.qc.ca\/wp-content\/uploads\/2026\/04\/F26-QG-600x400-1-48x32.png 48w\" sizes=\"auto, (max-width: 600px) 100vw, 600px\" \/><\/a><\/figure><\/div>\n\n\n\n<div class=\"wp-block-column is-layout-flow wp-block-column-is-layout-flow\" style=\"flex-basis:66.66%\"><h3 class=\"wp-block-post-title\"><a href=\"https:\/\/www.fimav.qc.ca\/en\/2026\/04\/14\/fimav-42-quartier-general\/\" target=\"_self\" >FIMAV 42 Quartier g\u00e9n\u00e9ral<\/a><\/h3>\n\n<div class=\"gtm-btn-secondary wp-block-post-excerpt\"><p class=\"wp-block-post-excerpt__excerpt\">Introducing the FIMAV 42 Quartier g\u00e9n\u00e9ral Studio Monique-Bourgeois | Carr\u00e9 150 The Quartier g\u00e9n\u00e9ral is a festival hub, a place for FIMAV attendees, artists, and staff&hellip;<\/p><p class=\"wp-block-post-excerpt__more-text\"><a class=\"wp-block-post-excerpt__more-link\" href=\"https:\/\/www.fimav.qc.ca\/en\/2026\/04\/14\/fimav-42-quartier-general\/\">Read More<\/a><\/p><\/div><\/div>\n<\/div>\n\n<\/li><li class=\"wp-block-post post-5428 post type-post status-publish format-standard has-post-thumbnail hentry category-news\">\n\n<div class=\"wp-block-columns alignwide is-layout-flex wp-container-core-columns-is-layout-28f84493 wp-block-columns-is-layout-flex\">\n<div class=\"wp-block-column is-layout-flow wp-block-column-is-layout-flow\" style=\"flex-basis:33.33%\"><figure style=\"aspect-ratio:1;\" class=\"wp-block-post-featured-image\"><a href=\"https:\/\/www.fimav.qc.ca\/en\/2026\/03\/18\/fimav-42-3-2-1-book-now\/\" target=\"_self\"  ><img loading=\"lazy\" decoding=\"async\" width=\"600\" height=\"400\" src=\"https:\/\/www.fimav.qc.ca\/wp-content\/uploads\/2026\/01\/F26-Elder-Ones-Juri-Hiensch-600x400-1.jpg\" class=\"attachment-post-thumbnail size-post-thumbnail wp-post-image\" alt=\"FIMAV 42 | 3&#8230;2&#8230;1&#8230; BOOK NOW!\" style=\"width:100%;height:100%;object-fit:cover;\" srcset=\"https:\/\/www.fimav.qc.ca\/wp-content\/uploads\/2026\/01\/F26-Elder-Ones-Juri-Hiensch-600x400-1.jpg 600w, https:\/\/www.fimav.qc.ca\/wp-content\/uploads\/2026\/01\/F26-Elder-Ones-Juri-Hiensch-600x400-1-300x200.jpg 300w\" sizes=\"auto, (max-width: 600px) 100vw, 600px\" \/><\/a><\/figure><\/div>\n\n\n\n<div class=\"wp-block-column is-layout-flow wp-block-column-is-layout-flow\" style=\"flex-basis:66.66%\"><h3 class=\"wp-block-post-title\"><a href=\"https:\/\/www.fimav.qc.ca\/en\/2026\/03\/18\/fimav-42-3-2-1-book-now\/\" target=\"_self\" >FIMAV 42 | 3&#8230;2&#8230;1&#8230; BOOK NOW!<\/a><\/h3>\n\n<div class=\"gtm-btn-secondary wp-block-post-excerpt\"><p class=\"wp-block-post-excerpt__excerpt\">FIMAV 42 | 3&#8230;2&#8230;1&#8230; BOOK NOW! Single Concert Tickets are Now on Sale (Newsletter 18 March 2026) The FIMAV 42 box office is officially open! As&hellip;<\/p><p class=\"wp-block-post-excerpt__more-text\"><a class=\"wp-block-post-excerpt__more-link\" href=\"https:\/\/www.fimav.qc.ca\/en\/2026\/03\/18\/fimav-42-3-2-1-book-now\/\">Read More<\/a><\/p><\/div><\/div>\n<\/div>\n\n<\/li><li class=\"wp-block-post post-5168 post type-post status-publish format-standard has-post-thumbnail hentry category-news\">\n\n<div class=\"wp-block-columns alignwide is-layout-flex wp-container-core-columns-is-layout-28f84493 wp-block-columns-is-layout-flex\">\n<div class=\"wp-block-column is-layout-flow wp-block-column-is-layout-flow\" style=\"flex-basis:33.33%\"><figure style=\"aspect-ratio:1;\" class=\"wp-block-post-featured-image\"><a href=\"https:\/\/www.fimav.qc.ca\/en\/2026\/03\/05\/music-you-can-hear-only-at-fimav-42\/\" target=\"_self\"  ><img loading=\"lazy\" decoding=\"async\" width=\"600\" height=\"400\" src=\"https:\/\/www.fimav.qc.ca\/wp-content\/uploads\/2026\/01\/Ahmed-credit_-Lisa-Grip-600x400-2.jpg\" class=\"attachment-post-thumbnail size-post-thumbnail wp-post-image\" alt=\"Music You Can Hear Only at FIMAV 42\" style=\"width:100%;height:100%;object-fit:cover;\" srcset=\"https:\/\/www.fimav.qc.ca\/wp-content\/uploads\/2026\/01\/Ahmed-credit_-Lisa-Grip-600x400-2.jpg 600w, https:\/\/www.fimav.qc.ca\/wp-content\/uploads\/2026\/01\/Ahmed-credit_-Lisa-Grip-600x400-2-300x200.jpg 300w\" sizes=\"auto, (max-width: 600px) 100vw, 600px\" \/><\/a><\/figure><\/div>\n\n\n\n<div class=\"wp-block-column is-layout-flow wp-block-column-is-layout-flow\" style=\"flex-basis:66.66%\"><h3 class=\"wp-block-post-title\"><a href=\"https:\/\/www.fimav.qc.ca\/en\/2026\/03\/05\/music-you-can-hear-only-at-fimav-42\/\" target=\"_self\" >Music You Can Hear Only at FIMAV 42<\/a><\/h3>\n\n<div class=\"gtm-btn-secondary wp-block-post-excerpt\"><p class=\"wp-block-post-excerpt__excerpt\">Music You Can Hear Only at FIMAV 42 Groups and Projects to be Heard Only at FIMAV (Newsletter 4 March 2026) This year, FIMAV presents several&hellip;<\/p><p class=\"wp-block-post-excerpt__more-text\"><a class=\"wp-block-post-excerpt__more-link\" href=\"https:\/\/www.fimav.qc.ca\/en\/2026\/03\/05\/music-you-can-hear-only-at-fimav-42\/\">Read More<\/a><\/p><\/div><\/div>\n<\/div>\n\n<\/li><li class=\"wp-block-post post-5064 post type-post status-publish format-standard has-post-thumbnail hentry category-news\">\n\n<div class=\"wp-block-columns alignwide is-layout-flex wp-container-core-columns-is-layout-28f84493 wp-block-columns-is-layout-flex\">\n<div class=\"wp-block-column is-layout-flow wp-block-column-is-layout-flow\" style=\"flex-basis:33.33%\"><figure style=\"aspect-ratio:1;\" class=\"wp-block-post-featured-image\"><a href=\"https:\/\/www.fimav.qc.ca\/en\/2026\/02\/18\/fimav-42-concert-program-announcement\/\" target=\"_self\"  ><img loading=\"lazy\" decoding=\"async\" width=\"1080\" height=\"1080\" src=\"https:\/\/www.fimav.qc.ca\/wp-content\/uploads\/2026\/02\/F26-IG-affiche-carre-FR-18.2.26-1.jpg\" class=\"attachment-post-thumbnail size-post-thumbnail wp-post-image\" alt=\"FIMAV 42 | Concert Program Announcement\" style=\"width:100%;height:100%;object-fit:cover;\" srcset=\"https:\/\/www.fimav.qc.ca\/wp-content\/uploads\/2026\/02\/F26-IG-affiche-carre-FR-18.2.26-1.jpg 1080w, https:\/\/www.fimav.qc.ca\/wp-content\/uploads\/2026\/02\/F26-IG-affiche-carre-FR-18.2.26-1-300x300.jpg 300w, https:\/\/www.fimav.qc.ca\/wp-content\/uploads\/2026\/02\/F26-IG-affiche-carre-FR-18.2.26-1-1024x1024.jpg 1024w, https:\/\/www.fimav.qc.ca\/wp-content\/uploads\/2026\/02\/F26-IG-affiche-carre-FR-18.2.26-1-150x150.jpg 150w, https:\/\/www.fimav.qc.ca\/wp-content\/uploads\/2026\/02\/F26-IG-affiche-carre-FR-18.2.26-1-24x24.jpg 24w, https:\/\/www.fimav.qc.ca\/wp-content\/uploads\/2026\/02\/F26-IG-affiche-carre-FR-18.2.26-1-36x36.jpg 36w, https:\/\/www.fimav.qc.ca\/wp-content\/uploads\/2026\/02\/F26-IG-affiche-carre-FR-18.2.26-1-48x48.jpg 48w\" sizes=\"auto, (max-width: 1080px) 100vw, 1080px\" \/><\/a><\/figure><\/div>\n\n\n\n<div class=\"wp-block-column is-layout-flow wp-block-column-is-layout-flow\" style=\"flex-basis:66.66%\"><h3 class=\"wp-block-post-title\"><a href=\"https:\/\/www.fimav.qc.ca\/en\/2026\/02\/18\/fimav-42-concert-program-announcement\/\" target=\"_self\" >FIMAV 42 | Concert Program Announcement<\/a><\/h3>\n\n<div class=\"gtm-btn-secondary wp-block-post-excerpt\"><p class=\"wp-block-post-excerpt__excerpt\">FIMAV is Back, Stronger, More Vibrant, and More Accessible than Ever. (newsletter 18 February, 2026) The FIMAV team is proud to announce the concert programming for&hellip;<\/p><p class=\"wp-block-post-excerpt__more-text\"><a class=\"wp-block-post-excerpt__more-link\" href=\"https:\/\/www.fimav.qc.ca\/en\/2026\/02\/18\/fimav-42-concert-program-announcement\/\">Read More<\/a><\/p><\/div><\/div>\n<\/div>\n\n<\/li><li class=\"wp-block-post post-3894 post type-post status-publish format-standard has-post-thumbnail hentry category-news\">\n\n<div class=\"wp-block-columns alignwide is-layout-flex wp-container-core-columns-is-layout-28f84493 wp-block-columns-is-layout-flex\">\n<div class=\"wp-block-column is-layout-flow wp-block-column-is-layout-flow\" style=\"flex-basis:33.33%\"><figure style=\"aspect-ratio:1;\" class=\"wp-block-post-featured-image\"><a href=\"https:\/\/www.fimav.qc.ca\/en\/2025\/11\/18\/join-the-fimav-team\/\" target=\"_self\"  ><img loading=\"lazy\" decoding=\"async\" width=\"2048\" height=\"1237\" src=\"https:\/\/www.fimav.qc.ca\/wp-content\/uploads\/2025\/11\/F26-Cabaret-photo-MM.jpg\" class=\"attachment-post-thumbnail size-post-thumbnail wp-post-image\" alt=\"Save the Dates!\" style=\"width:100%;height:100%;object-fit:cover;\" srcset=\"https:\/\/www.fimav.qc.ca\/wp-content\/uploads\/2025\/11\/F26-Cabaret-photo-MM.jpg 2048w, https:\/\/www.fimav.qc.ca\/wp-content\/uploads\/2025\/11\/F26-Cabaret-photo-MM-300x181.jpg 300w, https:\/\/www.fimav.qc.ca\/wp-content\/uploads\/2025\/11\/F26-Cabaret-photo-MM-1024x619.jpg 1024w\" sizes=\"auto, (max-width: 2048px) 100vw, 2048px\" \/><\/a><\/figure><\/div>\n\n\n\n<div class=\"wp-block-column is-layout-flow wp-block-column-is-layout-flow\" style=\"flex-basis:66.66%\"><h3 class=\"wp-block-post-title\"><a href=\"https:\/\/www.fimav.qc.ca\/en\/2025\/11\/18\/join-the-fimav-team\/\" target=\"_self\" >Save the Dates!<\/a><\/h3>\n\n<div class=\"gtm-btn-secondary wp-block-post-excerpt\"><p class=\"wp-block-post-excerpt__excerpt\">FIMAV 42 will take place 11-17 May 2026 After a reduced edition in 2025, FIMAV 42 is proud to come back in 2026 with a full&hellip;<\/p><p class=\"wp-block-post-excerpt__more-text\"><a class=\"wp-block-post-excerpt__more-link\" href=\"https:\/\/www.fimav.qc.ca\/en\/2025\/11\/18\/join-the-fimav-team\/\">Read More<\/a><\/p><\/div><\/div>\n<\/div>\n\n<\/li><\/ul><\/div>\n<\/div><\/div>\n<\/div><\/div>\n\n<div class=\"wp-block-group\"><div class=\"wp-block-group__inner-container is-layout-constrained wp-block-group-is-layout-constrained\">\n<div class=\"wp-block-columns gtm-appel-action is-layout-flex wp-container-core-columns-is-layout-28f84493 wp-block-columns-is-layout-flex\">\n<div class=\"wp-block-column animate-fade-in-3 is-layout-flow wp-block-column-is-layout-flow\">\n<div class=\"wp-block-cover gtm-bg gtm-action\" style=\"border-radius:0px;min-height:280px;aspect-ratio:unset;\"><img alt=\"\" loading=\"lazy\" decoding=\"async\" width=\"218\" height=\"231\" class=\"wp-block-cover__image-background wp-image-3157\" alt=\"\" src=\"https:\/\/www.fimav.qc.ca\/wp-content\/uploads\/2025\/04\/fimavlogo.png\" data-object-fit=\"cover\"\/><span aria-hidden=\"true\" class=\"wp-block-cover__background has-background-dim-100 has-background-dim wp-block-cover__gradient-background has-background-gradient\" style=\"background:linear-gradient(135deg,rgb(23,22,22) 0%,rgba(23,22,22,0.47) 100%)\"><\/span><div class=\"wp-block-cover__inner-container is-layout-constrained wp-block-cover-is-layout-constrained\">\n<h3 class=\"wp-block-heading has-text-align-center\"> FIMAV IN THE MEDIA<\/h3>\n\n\n\n<div class=\"wp-block-buttons is-content-justification-center is-layout-flex wp-container-core-buttons-is-layout-a89b3969 wp-block-buttons-is-layout-flex\">\n<div class=\"wp-block-button gtm-btn-primary\"><a class=\"wp-block-button__link wp-element-button\" href=\"https:\/\/www.fimav.qc.ca\/en\/fimav-in-the-media\/\">Find out more<\/a><\/div>\n<\/div>\n<\/div><\/div>\n<\/div>\n\n\n\n<div class=\"wp-block-column animate-fade-in is-layout-flow wp-block-column-is-layout-flow\">\n<div class=\"wp-block-cover gtm-bg gtm-action\" style=\"border-radius:0px;min-height:280px;aspect-ratio:unset;\"><img alt=\"\" loading=\"lazy\" decoding=\"async\" width=\"1024\" height=\"626\" class=\"wp-block-cover__image-background wp-image-3773 size-large\" alt=\"\" src=\"https:\/\/www.fimav.qc.ca\/wp-content\/uploads\/2025\/05\/FIRE-Orchestra-CBA-55-1024x626.jpg\" data-object-fit=\"cover\" srcset=\"https:\/\/www.fimav.qc.ca\/wp-content\/uploads\/2025\/05\/FIRE-Orchestra-CBA-55-1024x626.jpg 1024w, https:\/\/www.fimav.qc.ca\/wp-content\/uploads\/2025\/05\/FIRE-Orchestra-CBA-55-300x183.jpg 300w\" sizes=\"auto, (max-width: 1024px) 100vw, 1024px\" \/><span aria-hidden=\"true\" class=\"wp-block-cover__background has-background-dim-100 has-background-dim wp-block-cover__gradient-background has-background-gradient\" style=\"background:linear-gradient(135deg,rgb(23,22,22) 0%,rgba(23,22,22,0.47) 100%)\"><\/span><div class=\"wp-block-cover__inner-container is-layout-constrained wp-block-cover-is-layout-constrained\">\n<h3 class=\"wp-block-heading has-text-align-center\">CONCERTS<\/h3>\n\n\n\n<div class=\"wp-block-buttons is-content-justification-center is-layout-flex wp-container-core-buttons-is-layout-a89b3969 wp-block-buttons-is-layout-flex\">\n<div class=\"wp-block-button gtm-btn-primary\"><a class=\"wp-block-button__link wp-element-button\" href=\"https:\/\/www.fimav.qc.ca\/en\/concerts\/\">Find out more<\/a><\/div>\n<\/div>\n<\/div><\/div>\n<\/div>\n\n\n\n<div class=\"wp-block-column animate-fade-in-2 is-layout-flow wp-block-column-is-layout-flow\">\n<div class=\"wp-block-cover gtm-bg gtm-action\" style=\"border-radius:0px;min-height:280px;aspect-ratio:unset;\"><img alt=\"\" loading=\"lazy\" decoding=\"async\" width=\"2100\" height=\"1400\" class=\"wp-block-cover__image-background wp-image-2367\" alt=\"\" src=\"https:\/\/www.fimav.qc.ca\/wp-content\/uploads\/2025\/03\/PeterVanHaaften_GarnetWillis-13.jpg\" data-object-fit=\"cover\" srcset=\"https:\/\/www.fimav.qc.ca\/wp-content\/uploads\/2025\/03\/PeterVanHaaften_GarnetWillis-13.jpg 2100w, https:\/\/www.fimav.qc.ca\/wp-content\/uploads\/2025\/03\/PeterVanHaaften_GarnetWillis-13-300x200.jpg 300w, https:\/\/www.fimav.qc.ca\/wp-content\/uploads\/2025\/03\/PeterVanHaaften_GarnetWillis-13-1024x683.jpg 1024w\" sizes=\"auto, (max-width: 2100px) 100vw, 2100px\" \/><span aria-hidden=\"true\" class=\"wp-block-cover__background has-background-dim-100 has-background-dim wp-block-cover__gradient-background has-background-gradient\" style=\"background:linear-gradient(135deg,rgb(23,22,22) 0%,rgba(23,22,22,0.47) 100%)\"><\/span><div class=\"wp-block-cover__inner-container is-layout-constrained wp-block-cover-is-layout-constrained\">\n<h3 class=\"wp-block-heading has-text-align-center\">SOUND ART INSTALLATIONS<\/h3>\n\n\n\n<div class=\"wp-block-buttons is-content-justification-center is-layout-flex wp-container-core-buttons-is-layout-a89b3969 wp-block-buttons-is-layout-flex\">\n<div class=\"wp-block-button gtm-btn-primary\"><a class=\"wp-block-button__link wp-element-button\" href=\"https:\/\/www.fimav.qc.ca\/en\/sound-art-installations-2\/\">Find out more<\/a><\/div>\n<\/div>\n<\/div><\/div>\n<\/div>\n<\/div>\n<\/div><\/div>\n\n<div class=\"wp-block-columns gtm-footer-standard animate-fade-in is-layout-flex wp-container-core-columns-is-layout-8dc9b08b wp-block-columns-is-layout-flex\" style=\"margin-top:0;margin-bottom:0\">\n<div class=\"wp-block-column is-layout-flow wp-block-column-is-layout-flow\">\n<div class=\"wp-block-columns are-vertically-aligned-center gtm-footer-content is-layout-flex wp-container-core-columns-is-layout-28f84493 wp-block-columns-is-layout-flex\">\n<div class=\"wp-block-column is-vertically-aligned-center is-layout-flow wp-block-column-is-layout-flow\"><div class=\"wp-block-image gtm-logo-footer\">\n<figure class=\"aligncenter size-large is-resized\"><a href=\"\/\"><img decoding=\"async\" src=\"https:\/\/www.fimav.qc.ca\/wp-content\/uploads\/2025\/01\/logo-fimav-42.png\" alt=\"Fimav logo\" style=\"width:264px;height:auto\"\/><\/a><\/figure>\n<\/div><\/div>\n\n\n\n<div class=\"wp-block-column is-vertically-aligned-center gtm-footer-center is-layout-flow wp-block-column-is-layout-flow\">\n<p><a href=\"https:\/\/maps.app.goo.gl\/yLL62MWrL36SGHNa8\" target=\"_blank\" rel=\"noreferrer noopener nofollow\">82, rue Notre-Dame Est<br>Victoriaville (Qu\u00e9bec), Canada G6P 3Z6<\/a><\/p>\n\n\n\n<p><a href=\"tel:18197527912\" target=\"_blank\" rel=\"noreferrer noopener nofollow\">1 819 752-7912<\/a><\/p>\n\n\n\n<div class=\"wp-block-buttons is-content-justification-center is-layout-flex wp-container-core-buttons-is-layout-a89b3969 wp-block-buttons-is-layout-flex\">\n<div class=\"wp-block-button gtm-btn-secondary\"><a class=\"wp-block-button__link wp-element-button\" href=\"https:\/\/www.fimav.qc.ca\/en\/contact-us\/\">Contact us<\/a><\/div>\n<\/div>\n<\/div>\n\n\n\n<div class=\"wp-block-column is-vertically-aligned-center gtm-footer-center is-layout-flow wp-block-column-is-layout-flow\">\n<ul class=\"wp-block-social-links is-content-justification-center is-layout-flex wp-container-core-social-links-is-layout-a89b3969 wp-block-social-links-is-layout-flex\"><li class=\"wp-social-link wp-social-link-facebook  gtm-ms wp-block-social-link\"><a href=\"https:\/\/www.facebook.com\/musiqueactuellevicto\" class=\"wp-block-social-link-anchor\"><svg width=\"24\" height=\"24\" viewBox=\"0 0 24 24\" version=\"1.1\" xmlns=\"http:\/\/www.w3.org\/2000\/svg\" aria-hidden=\"true\" focusable=\"false\"><path d=\"M12 2C6.5 2 2 6.5 2 12c0 5 3.7 9.1 8.4 9.9v-7H7.9V12h2.5V9.8c0-2.5 1.5-3.9 3.8-3.9 1.1 0 2.2.2 2.2.2v2.5h-1.3c-1.2 0-1.6.8-1.6 1.6V12h2.8l-.4 2.9h-2.3v7C18.3 21.1 22 17 22 12c0-5.5-4.5-10-10-10z\"><\/path><\/svg><span class=\"wp-block-social-link-label screen-reader-text\">Facebook<\/span><\/a><\/li>\n\n<li class=\"wp-social-link wp-social-link-youtube  wp-block-social-link\"><a href=\"https:\/\/www.youtube.com\/TheFimav\" class=\"wp-block-social-link-anchor\"><svg width=\"24\" height=\"24\" viewBox=\"0 0 24 24\" version=\"1.1\" xmlns=\"http:\/\/www.w3.org\/2000\/svg\" aria-hidden=\"true\" focusable=\"false\"><path d=\"M21.8,8.001c0,0-0.195-1.378-0.795-1.985c-0.76-0.797-1.613-0.801-2.004-0.847c-2.799-0.202-6.997-0.202-6.997-0.202 h-0.009c0,0-4.198,0-6.997,0.202C4.608,5.216,3.756,5.22,2.995,6.016C2.395,6.623,2.2,8.001,2.2,8.001S2,9.62,2,11.238v1.517 c0,1.618,0.2,3.237,0.2,3.237s0.195,1.378,0.795,1.985c0.761,0.797,1.76,0.771,2.205,0.855c1.6,0.153,6.8,0.201,6.8,0.201 s4.203-0.006,7.001-0.209c0.391-0.047,1.243-0.051,2.004-0.847c0.6-0.607,0.795-1.985,0.795-1.985s0.2-1.618,0.2-3.237v-1.517 C22,9.62,21.8,8.001,21.8,8.001z M9.935,14.594l-0.001-5.62l5.404,2.82L9.935,14.594z\"><\/path><\/svg><span class=\"wp-block-social-link-label screen-reader-text\">YouTube<\/span><\/a><\/li>\n\n<li class=\"wp-social-link wp-social-link-instagram  wp-block-social-link\"><a href=\"https:\/\/www.instagram.com\/fimav_victo\/\" class=\"wp-block-social-link-anchor\"><svg width=\"24\" height=\"24\" viewBox=\"0 0 24 24\" version=\"1.1\" xmlns=\"http:\/\/www.w3.org\/2000\/svg\" aria-hidden=\"true\" focusable=\"false\"><path d=\"M12,4.622c2.403,0,2.688,0.009,3.637,0.052c0.877,0.04,1.354,0.187,1.671,0.31c0.42,0.163,0.72,0.358,1.035,0.673 c0.315,0.315,0.51,0.615,0.673,1.035c0.123,0.317,0.27,0.794,0.31,1.671c0.043,0.949,0.052,1.234,0.052,3.637 s-0.009,2.688-0.052,3.637c-0.04,0.877-0.187,1.354-0.31,1.671c-0.163,0.42-0.358,0.72-0.673,1.035 c-0.315,0.315-0.615,0.51-1.035,0.673c-0.317,0.123-0.794,0.27-1.671,0.31c-0.949,0.043-1.233,0.052-3.637,0.052 s-2.688-0.009-3.637-0.052c-0.877-0.04-1.354-0.187-1.671-0.31c-0.42-0.163-0.72-0.358-1.035-0.673 c-0.315-0.315-0.51-0.615-0.673-1.035c-0.123-0.317-0.27-0.794-0.31-1.671C4.631,14.688,4.622,14.403,4.622,12 s0.009-2.688,0.052-3.637c0.04-0.877,0.187-1.354,0.31-1.671c0.163-0.42,0.358-0.72,0.673-1.035 c0.315-0.315,0.615-0.51,1.035-0.673c0.317-0.123,0.794-0.27,1.671-0.31C9.312,4.631,9.597,4.622,12,4.622 M12,3 C9.556,3,9.249,3.01,8.289,3.054C7.331,3.098,6.677,3.25,6.105,3.472C5.513,3.702,5.011,4.01,4.511,4.511 c-0.5,0.5-0.808,1.002-1.038,1.594C3.25,6.677,3.098,7.331,3.054,8.289C3.01,9.249,3,9.556,3,12c0,2.444,0.01,2.751,0.054,3.711 c0.044,0.958,0.196,1.612,0.418,2.185c0.23,0.592,0.538,1.094,1.038,1.594c0.5,0.5,1.002,0.808,1.594,1.038 c0.572,0.222,1.227,0.375,2.185,0.418C9.249,20.99,9.556,21,12,21s2.751-0.01,3.711-0.054c0.958-0.044,1.612-0.196,2.185-0.418 c0.592-0.23,1.094-0.538,1.594-1.038c0.5-0.5,0.808-1.002,1.038-1.594c0.222-0.572,0.375-1.227,0.418-2.185 C20.99,14.751,21,14.444,21,12s-0.01-2.751-0.054-3.711c-0.044-0.958-0.196-1.612-0.418-2.185c-0.23-0.592-0.538-1.094-1.038-1.594 c-0.5-0.5-1.002-0.808-1.594-1.038c-0.572-0.222-1.227-0.375-2.185-0.418C14.751,3.01,14.444,3,12,3L12,3z M12,7.378 c-2.552,0-4.622,2.069-4.622,4.622S9.448,16.622,12,16.622s4.622-2.069,4.622-4.622S14.552,7.378,12,7.378z M12,15 c-1.657,0-3-1.343-3-3s1.343-3,3-3s3,1.343,3,3S13.657,15,12,15z M16.804,6.116c-0.596,0-1.08,0.484-1.08,1.08 s0.484,1.08,1.08,1.08c0.596,0,1.08-0.484,1.08-1.08S17.401,6.116,16.804,6.116z\"><\/path><\/svg><span class=\"wp-block-social-link-label screen-reader-text\">Instagram<\/span><\/a><\/li><\/ul>\n<\/div>\n<\/div>\n<\/div>\n<\/div>\n\n<div class=\"wp-block-columns gtm-hero is-layout-flex wp-container-core-columns-is-layout-28f84493 wp-block-columns-is-layout-flex\">\n<div class=\"wp-block-column is-vertically-aligned-bottom animate-fade-in is-layout-flow wp-block-column-is-layout-flow\">\n<div class=\"wp-block-buttons is-content-justification-right is-layout-flex wp-container-core-buttons-is-layout-d445cf74 wp-block-buttons-is-layout-flex\">\n<div class=\"wp-block-button gtm-btn-primary\"><a class=\"wp-block-button__link wp-element-button\" href=\"https:\/\/fimav.tuxedobillet.com\/\" target=\"_blank\" rel=\"noreferrer noopener\">Buy your tickets<\/a><\/div>\n<\/div>\n<\/div>\n<\/div>\n","protected":false},"excerpt":{"rendered":"<p>News<\/p>\n","protected":false},"author":1,"featured_media":0,"parent":0,"menu_order":0,"comment_status":"closed","ping_status":"closed","template":"","meta":{"_seopress_robots_primary_cat":"","_seopress_titles_title":"","_seopress_titles_desc":"Keep up to date with the latest news from the Festival International de Musique Actuelle de Victoriaville.","_seopress_robots_index":"","inline_featured_image":false,"footnotes":""},"class_list":["post-1674","page","type-page","status-publish","hentry"],"_links":{"self":[{"href":"https:\/\/www.fimav.qc.ca\/en\/wp-json\/wp\/v2\/pages\/1674","targetHints":{"allow":["GET"]}}],"collection":[{"href":"https:\/\/www.fimav.qc.ca\/en\/wp-json\/wp\/v2\/pages"}],"about":[{"href":"https:\/\/www.fimav.qc.ca\/en\/wp-json\/wp\/v2\/types\/page"}],"author":[{"embeddable":true,"href":"https:\/\/www.fimav.qc.ca\/en\/wp-json\/wp\/v2\/users\/1"}],"replies":[{"embeddable":true,"href":"https:\/\/www.fimav.qc.ca\/en\/wp-json\/wp\/v2\/comments?post=1674"}],"version-history":[{"count":12,"href":"https:\/\/www.fimav.qc.ca\/en\/wp-json\/wp\/v2\/pages\/1674\/revisions"}],"predecessor-version":[{"id":4897,"href":"https:\/\/www.fimav.qc.ca\/en\/wp-json\/wp\/v2\/pages\/1674\/revisions\/4897"}],"wp:attachment":[{"href":"https:\/\/www.fimav.qc.ca\/en\/wp-json\/wp\/v2\/media?parent=1674"}],"curies":[{"name":"wp","href":"https:\/\/api.w.org\/{rel}","templated":true}]}}