{"id":1713,"date":"2025-01-27T21:36:29","date_gmt":"2025-01-28T02:36:29","guid":{"rendered":"https:\/\/www.fimav.qc.ca\/musique-actuelle-elsewhere\/"},"modified":"2026-02-08T13:04:53","modified_gmt":"2026-02-08T18:04:53","slug":"musique-actuelle-elsewhere","status":"publish","type":"page","link":"https:\/\/www.fimav.qc.ca\/en\/musique-actuelle-elsewhere\/","title":{"rendered":"Discover Musique Actuelle"},"content":{"rendered":"\n<div class=\"wp-block-group gtm-section-compo\"><div class=\"wp-block-group__inner-container is-layout-constrained wp-block-group-is-layout-constrained\">\n<h1 class=\"wp-block-heading gtm-titre-bg-white-section\">Discover Musique Actuelle<\/h1>\n\n\n\n<div class=\"wp-block-group gtm-section-bg-white\"><div class=\"wp-block-group__inner-container is-layout-constrained wp-block-group-is-layout-constrained\">\n<h3 class=\"wp-block-heading\">Listening suggestions from Artistic Director, Scott Thomson <\/h3>\n\n\n\n<div class=\"wp-block-columns is-layout-flex wp-container-core-columns-is-layout-28f84493 wp-block-columns-is-layout-flex\">\n<div class=\"wp-block-column is-layout-flow wp-block-column-is-layout-flow\">\n<p>Originally, I was solicited for a list of recordings that would represent \u2013\u2013 and therefore usefully introduce new audiences to \u2013\u2013 the history of musique actuelle. This seemed an unreasonably difficult task, seeing how the field encompasses work from several decades, from every continent, and drawing on and synthesising virtually every musical genre and method\u2026 And I haven\u2019t heard it all! How could I? Each time I try to get a sense of the field overall, it seems once again to have grown exponentially, a harbinger of creativity and human spirit, but not of a comprehensive knowledge of (nor a useful synoptic list of recordings of) musique actuelle.     <\/p>\n\n\n\n<p>Instead of a list of records, here are five record labels that were key sites of new discovery when I was a young listener. As a curator myself, I\u2019m drawn to the way labels evoke, reflect, produce, and\/or refract (in a word, curate) the aesthetics of the artists they release, creating (to different degrees) trans-geographical and trans-temporal nexuses of artistic practice\u2026 something like a field, or a field within a field. It\u2019s the reason the expression \u201cthe Blue Note sound\u201d means something to jazz fans, and these labels, while less renowned than Blue Note Records, have worked to do something similar in their corners of the musique actuelle topography. Each captured my attention as I started to chart my own course through those territories.     <\/p>\n\n\n\n<p>Obviously, this list (like any list) is reductive and weak for its many omissions \u2013\u2013 it could easily be five times as long. Listeners who are interested in music that has been presented at FIMAV should of course be directed to the festival\u2019s historically affiliate label, Les Disques Victo, still run by founding artistic director, Michel Levasseur. However, for new listeners curious about what (where, who, how) musique actuelle is, I believe that one could do worse than start with the many wonderful records these five have gifted us, and which have forged my conception of the field as it exists today.     <\/p>\n<\/div>\n\n\n\n<div class=\"wp-block-column is-layout-flow wp-block-column-is-layout-flow\">\n<div class=\"wp-block-gutena-accordion gutena-accordion-block gutena-accordion-block-0cdb67-fe gtm-accordeons gtm-revue is-layout-flow wp-block-gutena-accordion-is-layout-flow\" data-single=\"true\">\n<div class=\"wp-block-gutena-accordion-panel gutena-accordion-block__panel\">\n<div class=\"wp-block-gutena-accordion-panel-title gutena-accordion-block__panel-title\"><div class=\"gutena-accordion-block__panel-title-inner\">\n<h6 class=\"wp-block-heading has-text-align-left\" style=\"margin-top:0px;margin-right:0px;margin-bottom:0px;margin-left:0px\">Hat Hut (Hat Art, Hatology, etc.) <\/h6>\n<div class=\"trigger-plus-minus\"><div class=\"horizontal\"><\/div><div class=\"vertical\"><\/div><\/div><\/div><\/div>\n\n\n\n<div class=\"wp-block-gutena-accordion-panel-content gutena-accordion-block__panel-content\"><div class=\"gutena-accordion-block__panel-content-inner\">\n<figure class=\"wp-block-image size-full\"><img alt=\"\" loading=\"lazy\" decoding=\"async\" width=\"500\" height=\"253\" src=\"https:\/\/www.fimav.qc.ca\/wp-content\/uploads\/2025\/04\/HAT.jpg\" alt=\"\" class=\"wp-image-3051\" srcset=\"https:\/\/www.fimav.qc.ca\/wp-content\/uploads\/2025\/04\/HAT.jpg 500w, https:\/\/www.fimav.qc.ca\/wp-content\/uploads\/2025\/04\/HAT-300x152.jpg 300w\" sizes=\"auto, (max-width: 500px) 100vw, 500px\" \/><\/figure>\n\n\n\n<p style=\"margin-top:0;margin-bottom:0\"><mark style=\"background-color:rgba(0, 0, 0, 0)\" class=\"has-inline-color has-black-color\">This Swiss label was founded in 1974 to document the work of American multi-instrumentalist and composer, Joe McPhee, but its various imprints have featured important (in some cases, indispensably classic) recordings by Anthony Braxton, Cecil Taylor, John Cage, Vienna Art Orchestra, Steve Lacy, Franz Koglmann, John Zorn, Pauline Oliveros, Gerry Hemingway, Paul Plimley, and so many others, unifying diverse creative practices including contemporary composition, jazz composition and improvisation, electronics, and free improvisation through careful curatorial choices, generally excellent sound quality, and dynamic, coherent graphic design and accompanying critical apparatuses.   <a href=\"https:\/\/www.hathut.com\/\" target=\"_blank\" rel=\"noreferrer noopener\">https:\/\/www.hathut.com\/<\/a> <\/mark><\/p>\n<\/div><\/div>\n<\/div>\n\n\n\n<div class=\"wp-block-gutena-accordion-panel gutena-accordion-block__panel\">\n<div class=\"wp-block-gutena-accordion-panel-title gutena-accordion-block__panel-title\"><div class=\"gutena-accordion-block__panel-title-inner\">\n<h6 class=\"wp-block-heading has-text-align-left\" style=\"margin-top:0px;margin-right:0px;margin-bottom:0px;margin-left:0px\">FMP\/Free Music Production<\/h6>\n<div class=\"trigger-plus-minus\"><div class=\"horizontal\"><\/div><div class=\"vertical\"><\/div><\/div><\/div><\/div>\n\n\n\n<div class=\"wp-block-gutena-accordion-panel-content gutena-accordion-block__panel-content\"><div class=\"gutena-accordion-block__panel-content-inner\">\n<figure class=\"wp-block-image size-full\"><img alt=\"\" loading=\"lazy\" decoding=\"async\" width=\"349\" height=\"351\" src=\"https:\/\/www.fimav.qc.ca\/wp-content\/uploads\/2025\/04\/L-38940-1599719090-6612.jpg\" alt=\"\" class=\"wp-image-3173\" srcset=\"https:\/\/www.fimav.qc.ca\/wp-content\/uploads\/2025\/04\/L-38940-1599719090-6612.jpg 349w, https:\/\/www.fimav.qc.ca\/wp-content\/uploads\/2025\/04\/L-38940-1599719090-6612-298x300.jpg 298w, https:\/\/www.fimav.qc.ca\/wp-content\/uploads\/2025\/04\/L-38940-1599719090-6612-150x150.jpg 150w\" sizes=\"auto, (max-width: 349px) 100vw, 349px\" \/><\/figure>\n\n\n\n<p><\/p>\n\n\n\n<p style=\"margin-top:0;margin-bottom:0\"><mark style=\"background-color:rgba(0, 0, 0, 0)\" class=\"has-inline-color has-black-color\">Originally a cooperative founded in the late 1960s, this Berlin label later functioned under the sole guidance of Jost Gebers, releasing the vital music of the era by Peter Br\u00f6tzmann (who also contributed many graphic elements), Alexander von Schlippenbach, Peter Kowald, Globe Unity Orchestra, etc. along the way. If Hat Hut covers a broader swath of artistic approaches, FMP focuses more deeply on the new expressionism emerging from the German free-jazz\/free-improvisation movements and their kin, mostly from Europe but not exclusively. The 11-disc project, <em>Cecil Taylor in Berlin \u201988<\/em>, featuring the great American pianist collaborating for the first time with so many important European musicians, alone assures FMP\u2019s status as an indispensable label. <a href=\"https:\/\/destination-out.bandcamp.com\/\" target=\"_blank\" rel=\"noreferrer noopener\">https:\/\/destination-out.bandcamp.com\/<\/a>   <\/mark><\/p>\n<\/div><\/div>\n<\/div>\n\n\n\n<div class=\"wp-block-gutena-accordion-panel gutena-accordion-block__panel\">\n<div class=\"wp-block-gutena-accordion-panel-title gutena-accordion-block__panel-title\"><div class=\"gutena-accordion-block__panel-title-inner\">\n<h6 class=\"wp-block-heading has-text-align-left\" style=\"margin-top:0px;margin-right:0px;margin-bottom:0px;margin-left:0px\">Tzadik <\/h6>\n<div class=\"trigger-plus-minus\"><div class=\"horizontal\"><\/div><div class=\"vertical\"><\/div><\/div><\/div><\/div>\n\n\n\n<div class=\"wp-block-gutena-accordion-panel-content gutena-accordion-block__panel-content\"><div class=\"gutena-accordion-block__panel-content-inner\">\n<figure class=\"wp-block-image size-full\"><img alt=\"\" loading=\"lazy\" decoding=\"async\" width=\"500\" height=\"253\" src=\"https:\/\/www.fimav.qc.ca\/wp-content\/uploads\/2025\/04\/TZADIK.jpg\" alt=\"\" class=\"wp-image-3055\" srcset=\"https:\/\/www.fimav.qc.ca\/wp-content\/uploads\/2025\/04\/TZADIK.jpg 500w, https:\/\/www.fimav.qc.ca\/wp-content\/uploads\/2025\/04\/TZADIK-300x152.jpg 300w\" sizes=\"auto, (max-width: 500px) 100vw, 500px\" \/><\/figure>\n\n\n\n<p style=\"margin-top:0;margin-bottom:0\"><mark style=\"background-color:rgba(0, 0, 0, 0)\" class=\"has-inline-color has-black-color\">By the time he founded Tzadik records in 1995, John Zorn had already established his pioneering work as a composer, saxophonist, and producer, residing at the core of New York\u2019s Downtown scene that emerged in the 1970s and 1980s. At that point, it would have been difficult to fathom that the new label would go on to produce more than 900 releases (and counting), covering the fields of rock, noise, free improvisation, klezmer, contemporary music, film music, and many more. Apart from key work by Zorn himself, records by Derek Bailey, Ikue Mori, Arnold Dreyblatt, George E. Lewis, Merzbow, Wadada Leo Smith, and Mike Patton are just a few of the standouts in this astonishing catalogue.   <a href=\"https:\/\/www.tzadik.com\/\" target=\"_blank\" rel=\"noreferrer noopener\">https:\/\/www.tzadik.com\/<\/a> <\/mark><\/p>\n<\/div><\/div>\n<\/div>\n\n\n\n<div class=\"wp-block-gutena-accordion-panel gutena-accordion-block__panel\">\n<div class=\"wp-block-gutena-accordion-panel-title gutena-accordion-block__panel-title\"><div class=\"gutena-accordion-block__panel-title-inner\">\n<h6 class=\"wp-block-heading has-text-align-left\" style=\"margin-top:0px;margin-right:0px;margin-bottom:0px;margin-left:0px\">Ambiances Magn\u00e9tiques <\/h6>\n<div class=\"trigger-plus-minus\"><div class=\"horizontal\"><\/div><div class=\"vertical\"><\/div><\/div><\/div><\/div>\n\n\n\n<div class=\"wp-block-gutena-accordion-panel-content gutena-accordion-block__panel-content\"><div class=\"gutena-accordion-block__panel-content-inner\">\n<figure class=\"wp-block-image size-full\"><img alt=\"\" loading=\"lazy\" decoding=\"async\" width=\"500\" height=\"253\" src=\"https:\/\/www.fimav.qc.ca\/wp-content\/uploads\/2025\/04\/AmbiancesM.jpg\" alt=\"\" class=\"wp-image-3047\" srcset=\"https:\/\/www.fimav.qc.ca\/wp-content\/uploads\/2025\/04\/AmbiancesM.jpg 500w, https:\/\/www.fimav.qc.ca\/wp-content\/uploads\/2025\/04\/AmbiancesM-300x152.jpg 300w\" sizes=\"auto, (max-width: 500px) 100vw, 500px\" \/><\/figure>\n\n\n\n<p><\/p>\n\n\n\n<p style=\"margin-top:0;margin-bottom:0\"><mark style=\"background-color:rgba(0, 0, 0, 0)\" class=\"has-inline-color has-black-color\">This Montreal record label and FIMAV have grown alongside one another throughout their 40-plus-year histories, nourishing each other through their respective evolutions, so it\u2019s only appropriate \u2013\u2013 and for this listener, vital \u2013\u2013 that Ambiances Magn\u00e9tiques is included here. Originally run as a collective, the label was managed for decades by composer and saxophonist, Joane H\u00e9tu, featuring exemplary works of Quebecoise musique actuelle by Martin T\u00e9treault, Michel F. C\u00f4t\u00e9, Robert Marcel Lepage, Jean Derome, Ensemble SuperMusique, Diane Labrosse, Lori Freedman and so many other musicians long affiliated with FIMAV programming. It is a notable development, not just for the label but for the entire field, that the members of Quatuor Bozzini are now in charge of Ambiances Magn\u00e9tiques and their distribution wing, DAME, which bodes well for the future of this august institution.    <a href=\"https:\/\/ambiancesmagnetiques.com\/fr\/accueil\" target=\"_blank\" rel=\"noreferrer noopener\">https:\/\/ambiancesmagnetiques.com\/fr\/accueil<\/a> <\/mark><\/p>\n<\/div><\/div>\n<\/div>\n\n\n\n<div class=\"wp-block-gutena-accordion-panel gutena-accordion-block__panel\">\n<div class=\"wp-block-gutena-accordion-panel-title gutena-accordion-block__panel-title\"><div class=\"gutena-accordion-block__panel-title-inner\">\n<h6 class=\"wp-block-heading has-text-align-left\" style=\"margin-top:0px;margin-right:0px;margin-bottom:0px;margin-left:0px\"><mark style=\"background-color:rgba(0, 0, 0, 0)\" class=\"has-inline-color has-black-color\">Thrill Jockey<\/mark><\/h6>\n<div class=\"trigger-plus-minus\"><div class=\"horizontal\"><\/div><div class=\"vertical\"><\/div><\/div><\/div><\/div>\n\n\n\n<div class=\"wp-block-gutena-accordion-panel-content gutena-accordion-block__panel-content\"><div class=\"gutena-accordion-block__panel-content-inner\">\n<figure class=\"wp-block-image size-full\"><img alt=\"\" loading=\"lazy\" decoding=\"async\" width=\"500\" height=\"253\" src=\"https:\/\/www.fimav.qc.ca\/wp-content\/uploads\/2025\/04\/Thrill-J.jpg\" alt=\"\" class=\"wp-image-3053\" srcset=\"https:\/\/www.fimav.qc.ca\/wp-content\/uploads\/2025\/04\/Thrill-J.jpg 500w, https:\/\/www.fimav.qc.ca\/wp-content\/uploads\/2025\/04\/Thrill-J-300x152.jpg 300w\" sizes=\"auto, (max-width: 500px) 100vw, 500px\" \/><\/figure>\n\n\n\n<p style=\"margin-top:0;margin-bottom:0\"><mark style=\"background-color:rgba(0, 0, 0, 0)\" class=\"has-inline-color has-black-color\">More experienced listeners will note that my first four choices skew toward musics coming out of free improvisation as a core practice (or ethic), a primary locus of what I recognise as musique actuelle creative ethos. However, as the history of FIMAV programming makes abundantly clear, rock and rock-based musics are likewise at the core of any conception of the field, and the post-rock developments of Tortoise, Trans Am, and other Thrill Jockey artists are seminal to this stream of influence, and furthermore for the connection with key Chicago free jazz musicians like Fred Anderson, Hamid Drake, and Chicago Underground. While there is much music on Thrill Jockey that is too popular in artistic disposition ever to be presented at festival of musique actuelle, the most boundary-pushing of it is utterly indispensable for this listener \u2013\u2013 not the least for the impressionable moment in my life when it first reached my ears.    <a href=\"https:\/\/www.thrilljockey.com\/index\" target=\"_blank\" rel=\"noreferrer noopener\">https:\/\/www.thrilljockey.com\/index<\/a> <\/mark><\/p>\n<\/div><\/div>\n<\/div>\n<\/div>\n<\/div>\n<\/div>\n<\/div><\/div>\n<\/div><\/div>\n\n<div class=\"wp-block-group\"><div class=\"wp-block-group__inner-container is-layout-constrained wp-block-group-is-layout-constrained\">\n<div class=\"wp-block-columns gtm-appel-action is-layout-flex wp-container-core-columns-is-layout-28f84493 wp-block-columns-is-layout-flex\">\n<div class=\"wp-block-column animate-fade-in is-layout-flow wp-block-column-is-layout-flow\">\n<div class=\"wp-block-cover gtm-bg gtm-action\" style=\"border-radius:0px;min-height:280px;aspect-ratio:unset;\"><img alt=\"\" loading=\"lazy\" decoding=\"async\" width=\"1024\" height=\"626\" class=\"wp-block-cover__image-background wp-image-3773 size-large\" alt=\"\" src=\"https:\/\/www.fimav.qc.ca\/wp-content\/uploads\/2025\/05\/FIRE-Orchestra-CBA-55-1024x626.jpg\" data-object-fit=\"cover\" srcset=\"https:\/\/www.fimav.qc.ca\/wp-content\/uploads\/2025\/05\/FIRE-Orchestra-CBA-55-1024x626.jpg 1024w, https:\/\/www.fimav.qc.ca\/wp-content\/uploads\/2025\/05\/FIRE-Orchestra-CBA-55-300x183.jpg 300w\" sizes=\"auto, (max-width: 1024px) 100vw, 1024px\" \/><span aria-hidden=\"true\" class=\"wp-block-cover__background has-background-dim-100 has-background-dim wp-block-cover__gradient-background has-background-gradient\" style=\"background:linear-gradient(135deg,rgb(23,22,22) 0%,rgba(23,22,22,0.47) 100%)\"><\/span><div class=\"wp-block-cover__inner-container is-layout-constrained wp-block-cover-is-layout-constrained\">\n<h3 class=\"wp-block-heading has-text-align-center\">CONCERTS<\/h3>\n\n\n\n<div class=\"wp-block-buttons is-content-justification-center is-layout-flex wp-container-core-buttons-is-layout-a89b3969 wp-block-buttons-is-layout-flex\">\n<div class=\"wp-block-button gtm-btn-primary\"><a class=\"wp-block-button__link wp-element-button\" href=\"https:\/\/www.fimav.qc.ca\/en\/concerts\/\">Find out more<\/a><\/div>\n<\/div>\n<\/div><\/div>\n<\/div>\n\n\n\n<div class=\"wp-block-column animate-fade-in-2 is-layout-flow wp-block-column-is-layout-flow\">\n<div class=\"wp-block-cover gtm-bg gtm-action\" style=\"border-radius:0px;min-height:280px;aspect-ratio:unset;\"><img alt=\"\" loading=\"lazy\" decoding=\"async\" width=\"2100\" height=\"1400\" class=\"wp-block-cover__image-background wp-image-2367\" alt=\"\" src=\"https:\/\/www.fimav.qc.ca\/wp-content\/uploads\/2025\/03\/PeterVanHaaften_GarnetWillis-13.jpg\" data-object-fit=\"cover\" srcset=\"https:\/\/www.fimav.qc.ca\/wp-content\/uploads\/2025\/03\/PeterVanHaaften_GarnetWillis-13.jpg 2100w, https:\/\/www.fimav.qc.ca\/wp-content\/uploads\/2025\/03\/PeterVanHaaften_GarnetWillis-13-300x200.jpg 300w, https:\/\/www.fimav.qc.ca\/wp-content\/uploads\/2025\/03\/PeterVanHaaften_GarnetWillis-13-1024x683.jpg 1024w\" sizes=\"auto, (max-width: 2100px) 100vw, 2100px\" \/><span aria-hidden=\"true\" class=\"wp-block-cover__background has-background-dim-100 has-background-dim wp-block-cover__gradient-background has-background-gradient\" style=\"background:linear-gradient(135deg,rgb(23,22,22) 0%,rgba(23,22,22,0.47) 100%)\"><\/span><div class=\"wp-block-cover__inner-container is-layout-constrained wp-block-cover-is-layout-constrained\">\n<h3 class=\"wp-block-heading has-text-align-center\">SOUND ART INSTALLATIONS<\/h3>\n\n\n\n<div class=\"wp-block-buttons is-content-justification-center is-layout-flex wp-container-core-buttons-is-layout-a89b3969 wp-block-buttons-is-layout-flex\">\n<div class=\"wp-block-button gtm-btn-primary\"><a class=\"wp-block-button__link wp-element-button\" href=\"https:\/\/www.fimav.qc.ca\/en\/sound-art-installations-2\/\">Find out more<\/a><\/div>\n<\/div>\n<\/div><\/div>\n<\/div>\n\n\n\n<div class=\"wp-block-column animate-fade-in-3 is-layout-flow wp-block-column-is-layout-flow\">\n<div class=\"wp-block-cover gtm-bg gtm-action\" style=\"border-radius:0px;min-height:280px;aspect-ratio:unset;\"><img alt=\"\" loading=\"lazy\" decoding=\"async\" width=\"1800\" height=\"1150\" class=\"wp-block-cover__image-background wp-image-2393\" alt=\"\" src=\"https:\/\/www.fimav.qc.ca\/wp-content\/uploads\/2025\/03\/KLemieux-BJNilsen-3.jpg\" data-object-fit=\"cover\" srcset=\"https:\/\/www.fimav.qc.ca\/wp-content\/uploads\/2025\/03\/KLemieux-BJNilsen-3.jpg 1800w, https:\/\/www.fimav.qc.ca\/wp-content\/uploads\/2025\/03\/KLemieux-BJNilsen-3-300x192.jpg 300w, https:\/\/www.fimav.qc.ca\/wp-content\/uploads\/2025\/03\/KLemieux-BJNilsen-3-1024x654.jpg 1024w\" sizes=\"auto, (max-width: 1800px) 100vw, 1800px\" \/><span aria-hidden=\"true\" class=\"wp-block-cover__background has-background-dim-100 has-background-dim wp-block-cover__gradient-background has-background-gradient\" style=\"background:linear-gradient(135deg,rgb(23,22,22) 0%,rgba(23,22,22,0.47) 100%)\"><\/span><div class=\"wp-block-cover__inner-container is-layout-constrained wp-block-cover-is-layout-constrained\">\n<h3 class=\"wp-block-heading has-text-align-center\">DISCOVER MUSIQUE ACTUELLE<\/h3>\n\n\n\n<div class=\"wp-block-buttons is-content-justification-center is-layout-flex wp-container-core-buttons-is-layout-a89b3969 wp-block-buttons-is-layout-flex\">\n<div class=\"wp-block-button gtm-btn-primary\"><a class=\"wp-block-button__link wp-element-button\" href=\"https:\/\/www.fimav.qc.ca\/en\/musique-actuelle-elsewhere\/\">Find out more<\/a><\/div>\n<\/div>\n<\/div><\/div>\n<\/div>\n<\/div>\n<\/div><\/div>\n\n<p><\/p>\n","protected":false},"excerpt":{"rendered":"<p>Discover Musique Actuelle Listening suggestions from Artistic Director, Scott Thomson Originally, I was solicited for a list of recordings that would represent \u2013\u2013 and therefore usefully introduce new audiences to \u2013\u2013 the history of musique actuelle. This seemed an unreasonably difficult task, seeing how the field encompasses work from several decades, from every continent, and <a href=\"https:\/\/www.fimav.qc.ca\/en\/musique-actuelle-elsewhere\/\" class=\"more-link\">&#8230;<span class=\"screen-reader-text\">  Discover Musique Actuelle<\/span><\/a><\/p>\n","protected":false},"author":1,"featured_media":4626,"parent":0,"menu_order":0,"comment_status":"closed","ping_status":"closed","template":"","meta":{"_seopress_robots_primary_cat":"","_seopress_titles_title":"","_seopress_titles_desc":"","_seopress_robots_index":"","inline_featured_image":false,"footnotes":""},"class_list":["post-1713","page","type-page","status-publish","has-post-thumbnail","hentry"],"_links":{"self":[{"href":"https:\/\/www.fimav.qc.ca\/en\/wp-json\/wp\/v2\/pages\/1713","targetHints":{"allow":["GET"]}}],"collection":[{"href":"https:\/\/www.fimav.qc.ca\/en\/wp-json\/wp\/v2\/pages"}],"about":[{"href":"https:\/\/www.fimav.qc.ca\/en\/wp-json\/wp\/v2\/types\/page"}],"author":[{"embeddable":true,"href":"https:\/\/www.fimav.qc.ca\/en\/wp-json\/wp\/v2\/users\/1"}],"replies":[{"embeddable":true,"href":"https:\/\/www.fimav.qc.ca\/en\/wp-json\/wp\/v2\/comments?post=1713"}],"version-history":[{"count":25,"href":"https:\/\/www.fimav.qc.ca\/en\/wp-json\/wp\/v2\/pages\/1713\/revisions"}],"predecessor-version":[{"id":4451,"href":"https:\/\/www.fimav.qc.ca\/en\/wp-json\/wp\/v2\/pages\/1713\/revisions\/4451"}],"wp:featuredmedia":[{"embeddable":true,"href":"https:\/\/www.fimav.qc.ca\/en\/wp-json\/wp\/v2\/media\/4626"}],"wp:attachment":[{"href":"https:\/\/www.fimav.qc.ca\/en\/wp-json\/wp\/v2\/media?parent=1713"}],"curies":[{"name":"wp","href":"https:\/\/api.w.org\/{rel}","templated":true}]}}