{"id":1732,"date":"2025-01-27T21:39:06","date_gmt":"2025-01-28T02:39:06","guid":{"rendered":"https:\/\/www.fimav.qc.ca\/experimental-film-program\/"},"modified":"2026-04-14T12:14:22","modified_gmt":"2026-04-14T16:14:22","slug":"experimental-film-program","status":"publish","type":"page","link":"https:\/\/www.fimav.qc.ca\/en\/experimental-film-program\/","title":{"rendered":"Experimental Films"},"content":{"rendered":"\n<h2 class=\"wp-block-heading gtm-titre-bg-white-section\">Experimental Films<\/h2>\n\n<div class=\"wp-block-group gtm-section-bg-white\"><div class=\"wp-block-group__inner-container is-layout-constrained wp-block-group-is-layout-constrained\">\n<div class=\"wp-block-columns is-layout-flex wp-container-core-columns-is-layout-28f84493 wp-block-columns-is-layout-flex\">\n<div class=\"wp-block-column is-layout-flow wp-block-column-is-layout-flow\">\n<p><\/p>\n\n\n\n<h3 class=\"wp-block-heading\"><br\/><mark style=\"background-color:rgba(0, 0, 0, 0)\" class=\"has-inline-color has-black-color\">Le Carr\u00e9 150 | Salle Les-fr\u00e8res-Lemaire<\/mark><\/h3>\n\n\n\n<h3 class=\"wp-block-heading\">Hommage Pierre H\u00e9bert<\/h3>\n\n\n\n<p><strong>Curator: Karl Lemieux<\/strong><\/p>\n\n\n\n<h3 class=\"wp-block-heading\">Program 1 | 16 may | 11 a.m.<\/h3>\n\n\n\n<h4 class=\"wp-block-heading\"><strong><a href=\"https:\/\/www.onf.ca\/cineastes\/loic-darses\/\">Lo\u00efc Darses<\/a> \u00ab Graver l\u2019homme : arr\u00eat sur Pierre H\u00e9bert \u00bb<\/strong><\/h4>\n\n\n\n<p><strong>2024, 1 h 17 min, Documentary<\/strong><\/p>\n\n\n\n<p>Structured like a master class in film engraving, Scratches of Life: The Art of Pierre H\u00e9bert is a tribute to the pioneering animator, whose scratch-on-film technique has long served as a vessel for his restless artistic exploration. Director Lo\u00efc Darses traces H\u00e9bert\u2019s journey from his early abstract works at the NFB to his later documentary-animation hybrids, revealing an artist who has never ceased to question, experiment, and reflect on the world around him. The film captures both the man and his body of work, peeling back the layers of his process to uncover his thoughts on history, identity, and mortality. As H\u00e9bert candidly reflects on his artistic and personal journey, Scratches of Life becomes a testament to the enduring power of creative reinvention.   <\/p>\n\n\n\n<div style=\"height:25px\" aria-hidden=\"true\" class=\"wp-block-spacer\"><\/div>\n\n\n\n<h3 class=\"wp-block-heading\">Programme 2 | 17 may | 11 a.m.<\/h3>\n\n\n\n<div style=\"height:28px\" aria-hidden=\"true\" class=\"wp-block-spacer\"><\/div>\n\n\n\n<h3 class=\"wp-block-heading\">Films de Pierre H\u00e9bert<\/h3>\n\n\n\n<div style=\"height:28px\" aria-hidden=\"true\" class=\"wp-block-spacer\"><\/div>\n\n\n\n<h4 class=\"wp-block-heading\"><strong><strong><a href=\"https:\/\/www.nfb.ca\/directors\/pierre-hebert\/\">Pierre H\u00e9bert<\/a> \u00ab Opus-1 \u00bb<\/strong><\/strong><\/h4>\n\n\n\n<p>1964, 5 min, Experimental<\/p>\n\n\n\n<p>Abstract film originally made in 1964 and remastered in 2006.<\/p>\n\n\n\n<div style=\"height:28px\" aria-hidden=\"true\" class=\"wp-block-spacer\"><\/div>\n\n\n\n<h4 class=\"wp-block-heading\"><strong><a href=\"https:\/\/www.nfb.ca\/directors\/pierre-hebert\/\">Pierre H\u00e9bert<\/a> \u00ab Op Hop &#8211; Hop Op \u00bb<\/strong><\/h4>\n\n\n\n<p>1966, 3 min, Experimental<\/p>\n\n\n\n<p>Animated film made using a series of twenty-four positive and negative images presented in a chaotic manner or according to a methodical composition. A visual experiment, it subjects the eye to a continuous and violent stream of images; also an experiment in terms of the individual&#8217;s participation, it attempts to polarize their mental and perceptive activity and then throw them into a state of meditation. <\/p>\n\n\n\n<div style=\"height:28px\" aria-hidden=\"true\" class=\"wp-block-spacer\"><\/div>\n\n\n\n<h4 class=\"wp-block-heading\"><strong><a href=\"https:\/\/www.nfb.ca\/directors\/pierre-hebert\/\">Pierre H\u00e9bert<\/a> \u00ab Souvenirs de guerre \u00bb<\/strong><\/h4>\n\n\n\n<p>1982, 16 min, Animation <\/p>\n\n\n\n<p>Short animated film about war. A climate of latent violence and insecurity is increasingly weighing on the world. In high places, people are daring to speak publicly about the possibility of a world war. This beautiful animated film expresses concern about what the future holds for our children&#8230; and for ourselves. How can we get used to the idea of war, to its apparent necessity? Will we go and kill our fellow human beings in other countries, or will we have an atomic bomb dropped on our heads? A lullaby to scare children.      <\/p>\n\n\n\n<div style=\"height:28px\" aria-hidden=\"true\" class=\"wp-block-spacer\"><\/div>\n\n\n\n<h4 class=\"wp-block-heading\"><strong><strong><a href=\"https:\/\/www.nfb.ca\/directors\/pierre-hebert\/\">Pierre H\u00e9bert<\/a> \u00ab Mais un oiseau ne chantait pas \u00bb<\/strong><\/strong><\/h4>\n\n\n\n<p>2018, 6 min, Experimental<\/p>\n\n\n\n<p>This film, part of the <em>Scratch<\/em> project, is a visual interpretation of Malcolm Goldstein&#8217;s musical piece for solo violin based on a folk song from Bosnia and Herzegovina. The composer describes it as a gesture of hope for peace in this region devastated by war in the 1990s. <\/p>\n\n\n\n<div style=\"height:28px\" aria-hidden=\"true\" class=\"wp-block-spacer\"><\/div>\n\n\n\n<h4 class=\"wp-block-heading\"><strong><a href=\"https:\/\/www.nfb.ca\/directors\/pierre-hebert\/\">Pierre H\u00e9bert<\/a> \u00ab S<strong><strong>ilence et noirceur \u2013 chemins divergents<\/strong><\/strong> \u00bb<\/strong><\/h4>\n\n\n\n<p>2026, 31 min, Experimental <\/p>\n\n\n\n<p>Film shot on celluloid, edited and directed by Pierre H\u00e9bert. This version of the <em>Scratch<\/em> series is a simulation of a performance using two desynchronized 16mm projectors, accompanied by improvisations by Malcolm Goldstein (violin) and John Heward (drums), recorded separately while they watched a copy of a performance at the Cin\u00e9math\u00e8que qu\u00e9b\u00e9coise. The instruction was not to try to be synchronized with the image and to progress from an initial state of very short interventions, separated by long silences, to a more intense and continuous performance.  <\/p>\n\n\n\n<div style=\"height:28px\" aria-hidden=\"true\" class=\"wp-block-spacer\"><\/div>\n\n\n\n<div class=\"wp-block-group is-layout-flex wp-block-group-is-layout-flex\">\n<div class=\"wp-block-buttons is-layout-flex wp-block-buttons-is-layout-flex\">\n<div class=\"wp-block-button\"><a class=\"wp-block-button__link wp-element-button\">Website<\/a><\/div>\n<\/div>\n\n\n\n<div class=\"wp-block-buttons is-layout-flex wp-block-buttons-is-layout-flex\">\n<div class=\"wp-block-button\"><a class=\"wp-block-button__link wp-element-button\">Youtube<\/a><\/div>\n<\/div>\n\n\n\n<div class=\"wp-block-buttons is-layout-flex wp-block-buttons-is-layout-flex\"><\/div>\n<\/div>\n\n\n\n<p><\/p>\n\n\n\n<div class=\"wp-block-columns is-layout-flex wp-container-core-columns-is-layout-28f84493 wp-block-columns-is-layout-flex\">\n<div class=\"wp-block-column is-layout-flow wp-block-column-is-layout-flow\"><\/div>\n<\/div>\n<\/div>\n\n\n\n<div class=\"wp-block-column is-layout-flow wp-block-column-is-layout-flow\">\n<figure class=\"wp-block-image size-large\"><img alt=\"\" loading=\"lazy\" decoding=\"async\" width=\"1024\" height=\"576\" src=\"https:\/\/www.fimav.qc.ca\/wp-content\/uploads\/2026\/02\/Principal-ONF-GraverLHomme-Affiche-1440x810_FR-1024x576.png\" alt=\"\" class=\"wp-image-5003\" srcset=\"https:\/\/www.fimav.qc.ca\/wp-content\/uploads\/2026\/02\/Principal-ONF-GraverLHomme-Affiche-1440x810_FR-1024x576.png 1024w, https:\/\/www.fimav.qc.ca\/wp-content\/uploads\/2026\/02\/Principal-ONF-GraverLHomme-Affiche-1440x810_FR-300x169.png 300w, https:\/\/www.fimav.qc.ca\/wp-content\/uploads\/2026\/02\/Principal-ONF-GraverLHomme-Affiche-1440x810_FR-24x14.png 24w, https:\/\/www.fimav.qc.ca\/wp-content\/uploads\/2026\/02\/Principal-ONF-GraverLHomme-Affiche-1440x810_FR-36x20.png 36w, https:\/\/www.fimav.qc.ca\/wp-content\/uploads\/2026\/02\/Principal-ONF-GraverLHomme-Affiche-1440x810_FR-48x27.png 48w, https:\/\/www.fimav.qc.ca\/wp-content\/uploads\/2026\/02\/Principal-ONF-GraverLHomme-Affiche-1440x810_FR.png 1440w\" sizes=\"auto, (max-width: 1024px) 100vw, 1024px\" \/><\/figure>\n\n\n\n<div style=\"height:50px\" aria-hidden=\"true\" class=\"wp-block-spacer\"><\/div>\n\n\n\n<figure class=\"wp-block-image size-large\"><img alt=\"\" loading=\"lazy\" decoding=\"async\" width=\"650\" height=\"1024\" src=\"https:\/\/www.fimav.qc.ca\/wp-content\/uploads\/2026\/02\/420532_419_1-650x1024.jpg\" alt=\"\" class=\"wp-image-5005\" srcset=\"https:\/\/www.fimav.qc.ca\/wp-content\/uploads\/2026\/02\/420532_419_1-650x1024.jpg 650w, https:\/\/www.fimav.qc.ca\/wp-content\/uploads\/2026\/02\/420532_419_1-190x300.jpg 190w, https:\/\/www.fimav.qc.ca\/wp-content\/uploads\/2026\/02\/420532_419_1-15x24.jpg 15w, https:\/\/www.fimav.qc.ca\/wp-content\/uploads\/2026\/02\/420532_419_1-23x36.jpg 23w, https:\/\/www.fimav.qc.ca\/wp-content\/uploads\/2026\/02\/420532_419_1-30x48.jpg 30w\" sizes=\"auto, (max-width: 650px) 100vw, 650px\" \/><\/figure>\n\n\n\n<div style=\"height:78px\" aria-hidden=\"true\" class=\"wp-block-spacer\"><\/div>\n\n\n\n<figure class=\"wp-block-image size-large\"><img alt=\"\" loading=\"lazy\" decoding=\"async\" width=\"1024\" height=\"876\" src=\"https:\/\/www.fimav.qc.ca\/wp-content\/uploads\/2026\/02\/413191_1782_1-1024x876.jpg\" alt=\"\" class=\"wp-image-5007\" srcset=\"https:\/\/www.fimav.qc.ca\/wp-content\/uploads\/2026\/02\/413191_1782_1-1024x876.jpg 1024w, https:\/\/www.fimav.qc.ca\/wp-content\/uploads\/2026\/02\/413191_1782_1-300x257.jpg 300w, https:\/\/www.fimav.qc.ca\/wp-content\/uploads\/2026\/02\/413191_1782_1-24x21.jpg 24w, https:\/\/www.fimav.qc.ca\/wp-content\/uploads\/2026\/02\/413191_1782_1-36x31.jpg 36w, https:\/\/www.fimav.qc.ca\/wp-content\/uploads\/2026\/02\/413191_1782_1-48x41.jpg 48w, https:\/\/www.fimav.qc.ca\/wp-content\/uploads\/2026\/02\/413191_1782_1.jpg 2036w\" sizes=\"auto, (max-width: 1024px) 100vw, 1024px\" \/><\/figure>\n<\/div>\n<\/div>\n\n\n\n<div style=\"height:24px\" aria-hidden=\"true\" class=\"wp-block-spacer\"><\/div>\n\n\n\n<div class=\"wp-block-buttons is-content-justification-center is-layout-flex wp-container-core-buttons-is-layout-a89b3969 wp-block-buttons-is-layout-flex\">\n<div class=\"wp-block-button\"><a class=\"wp-block-button__link wp-element-button\" href=\"https:\/\/www.fimav.qc.ca\/en\/concerts\/\">Back to concerts<\/a><\/div>\n<\/div>\n\n\n\n<div style=\"height:24px\" aria-hidden=\"true\" class=\"wp-block-spacer\"><\/div>\n<\/div><\/div>\n\n<div class=\"wp-block-columns gtm-appel-action is-layout-flex wp-container-core-columns-is-layout-28f84493 wp-block-columns-is-layout-flex\">\n<div class=\"wp-block-column animate-fade-in is-layout-flow wp-block-column-is-layout-flow\">\n<div class=\"wp-block-cover gtm-bg gtm-action gtm-radius\" style=\"border-radius:0px;min-height:280px;aspect-ratio:unset;\"><img alt=\"\" loading=\"lazy\" decoding=\"async\" width=\"1024\" height=\"626\" class=\"wp-block-cover__image-background wp-image-3773 size-large\" alt=\"\" src=\"https:\/\/www.fimav.qc.ca\/wp-content\/uploads\/2025\/05\/FIRE-Orchestra-CBA-55-1024x626.jpg\" data-object-fit=\"cover\" srcset=\"https:\/\/www.fimav.qc.ca\/wp-content\/uploads\/2025\/05\/FIRE-Orchestra-CBA-55-1024x626.jpg 1024w, https:\/\/www.fimav.qc.ca\/wp-content\/uploads\/2025\/05\/FIRE-Orchestra-CBA-55-300x183.jpg 300w\" sizes=\"auto, (max-width: 1024px) 100vw, 1024px\" \/><span aria-hidden=\"true\" class=\"wp-block-cover__background has-background-dim-100 has-background-dim wp-block-cover__gradient-background has-background-gradient\" style=\"background:linear-gradient(135deg,rgb(23,22,22) 0%,rgba(23,22,22,0.47) 100%)\"><\/span><div class=\"wp-block-cover__inner-container is-layout-constrained wp-block-cover-is-layout-constrained\">\n<h3 class=\"wp-block-heading has-text-align-center\">CONCERTS<\/h3>\n\n\n\n<div class=\"wp-block-buttons is-content-justification-center is-layout-flex wp-container-core-buttons-is-layout-a89b3969 wp-block-buttons-is-layout-flex\">\n<div class=\"wp-block-button gtm-btn-primary\"><a class=\"wp-block-button__link wp-element-button\" href=\"https:\/\/www.fimav.qc.ca\/en\/concerts\/\">Find out more<\/a><\/div>\n<\/div>\n<\/div><\/div>\n<\/div>\n\n\n\n<div class=\"wp-block-column animate-fade-in-2 is-layout-flow wp-block-column-is-layout-flow\">\n<div class=\"wp-block-cover gtm-bg gtm-action gtm-radius\" style=\"border-radius:0px;min-height:280px;aspect-ratio:unset;\"><img alt=\"\" loading=\"lazy\" decoding=\"async\" width=\"2100\" height=\"1400\" class=\"wp-block-cover__image-background wp-image-2367\" alt=\"\" src=\"https:\/\/www.fimav.qc.ca\/wp-content\/uploads\/2025\/03\/PeterVanHaaften_GarnetWillis-13.jpg\" data-object-fit=\"cover\" srcset=\"https:\/\/www.fimav.qc.ca\/wp-content\/uploads\/2025\/03\/PeterVanHaaften_GarnetWillis-13.jpg 2100w, https:\/\/www.fimav.qc.ca\/wp-content\/uploads\/2025\/03\/PeterVanHaaften_GarnetWillis-13-300x200.jpg 300w, https:\/\/www.fimav.qc.ca\/wp-content\/uploads\/2025\/03\/PeterVanHaaften_GarnetWillis-13-1024x683.jpg 1024w\" sizes=\"auto, (max-width: 2100px) 100vw, 2100px\" \/><span aria-hidden=\"true\" class=\"wp-block-cover__background has-background-dim-100 has-background-dim wp-block-cover__gradient-background has-background-gradient\" style=\"background:linear-gradient(135deg,rgb(23,22,22) 0%,rgba(23,22,22,0.47) 100%)\"><\/span><div class=\"wp-block-cover__inner-container is-layout-constrained wp-block-cover-is-layout-constrained\">\n<h3 class=\"wp-block-heading has-text-align-center\">SOUND ART INSTALLATIONS<\/h3>\n\n\n\n<div class=\"wp-block-buttons is-content-justification-center is-layout-flex wp-container-core-buttons-is-layout-a89b3969 wp-block-buttons-is-layout-flex\">\n<div class=\"wp-block-button gtm-btn-primary\"><a class=\"wp-block-button__link wp-element-button\" href=\"https:\/\/www.fimav.qc.ca\/en\/sound-art-installations-2\/\">Find out more<\/a><\/div>\n<\/div>\n<\/div><\/div>\n<\/div>\n\n\n\n<div class=\"wp-block-column animate-fade-in-3 is-layout-flow wp-block-column-is-layout-flow\">\n<div class=\"wp-block-cover gtm-bg gtm-action gtm-radius\" style=\"border-radius:0px;min-height:280px;aspect-ratio:unset;\"><img alt=\"\" loading=\"lazy\" decoding=\"async\" width=\"1800\" height=\"1150\" class=\"wp-block-cover__image-background wp-image-2393\" alt=\"\" src=\"https:\/\/www.fimav.qc.ca\/wp-content\/uploads\/2025\/03\/KLemieux-BJNilsen-3.jpg\" data-object-fit=\"cover\" srcset=\"https:\/\/www.fimav.qc.ca\/wp-content\/uploads\/2025\/03\/KLemieux-BJNilsen-3.jpg 1800w, https:\/\/www.fimav.qc.ca\/wp-content\/uploads\/2025\/03\/KLemieux-BJNilsen-3-300x192.jpg 300w, https:\/\/www.fimav.qc.ca\/wp-content\/uploads\/2025\/03\/KLemieux-BJNilsen-3-1024x654.jpg 1024w\" sizes=\"auto, (max-width: 1800px) 100vw, 1800px\" \/><span aria-hidden=\"true\" class=\"wp-block-cover__background has-background-dim-100 has-background-dim wp-block-cover__gradient-background has-background-gradient\" style=\"background:linear-gradient(135deg,rgb(23,22,22) 0%,rgba(23,22,22,0.47) 100%)\"><\/span><div class=\"wp-block-cover__inner-container is-layout-constrained wp-block-cover-is-layout-constrained\">\n<h3 class=\"wp-block-heading has-text-align-center\">DISCOVER MUSIQUE ACTUELLE<\/h3>\n\n\n\n<div class=\"wp-block-buttons is-content-justification-center is-layout-flex wp-container-core-buttons-is-layout-a89b3969 wp-block-buttons-is-layout-flex\">\n<div class=\"wp-block-button gtm-btn-primary\"><a class=\"wp-block-button__link wp-element-button\" href=\"https:\/\/www.fimav.qc.ca\/en\/musique-actuelle-elsewhere\/\">Find out more<\/a><\/div>\n<\/div>\n<\/div><\/div>\n<\/div>\n<\/div>\n\n<div class=\"wp-block-columns gtm-footer-standard animate-fade-in is-layout-flex wp-container-core-columns-is-layout-8dc9b08b wp-block-columns-is-layout-flex\" style=\"margin-top:0;margin-bottom:0\">\n<div class=\"wp-block-column is-layout-flow wp-block-column-is-layout-flow\">\n<div class=\"wp-block-columns are-vertically-aligned-center gtm-footer-content is-layout-flex wp-container-core-columns-is-layout-28f84493 wp-block-columns-is-layout-flex\">\n<div class=\"wp-block-column is-vertically-aligned-center is-layout-flow wp-block-column-is-layout-flow\"><div class=\"wp-block-image gtm-logo-footer\">\n<figure class=\"aligncenter size-large is-resized\"><a href=\"\/\"><img decoding=\"async\" src=\"https:\/\/www.fimav.qc.ca\/wp-content\/uploads\/2025\/01\/logo-fimav-42.png\" alt=\"Fimav logo\" style=\"width:264px;height:auto\"\/><\/a><\/figure>\n<\/div><\/div>\n\n\n\n<div class=\"wp-block-column is-vertically-aligned-center gtm-footer-center is-layout-flow wp-block-column-is-layout-flow\">\n<p><a href=\"https:\/\/maps.app.goo.gl\/yLL62MWrL36SGHNa8\" target=\"_blank\" rel=\"noreferrer noopener nofollow\">82, rue Notre-Dame Est<br>Victoriaville (Qu\u00e9bec), Canada G6P 3Z6<\/a><\/p>\n\n\n\n<p><a href=\"tel:18197527912\" target=\"_blank\" rel=\"noreferrer noopener nofollow\">1 819 752-7912<\/a><\/p>\n\n\n\n<div class=\"wp-block-buttons is-content-justification-center is-layout-flex wp-container-core-buttons-is-layout-a89b3969 wp-block-buttons-is-layout-flex\">\n<div class=\"wp-block-button gtm-btn-secondary\"><a class=\"wp-block-button__link wp-element-button\" href=\"https:\/\/www.fimav.qc.ca\/en\/contact-us\/\">Contact us<\/a><\/div>\n<\/div>\n<\/div>\n\n\n\n<div class=\"wp-block-column is-vertically-aligned-center gtm-footer-center is-layout-flow wp-block-column-is-layout-flow\">\n<ul class=\"wp-block-social-links is-content-justification-center is-layout-flex wp-container-core-social-links-is-layout-a89b3969 wp-block-social-links-is-layout-flex\"><li class=\"wp-social-link wp-social-link-facebook  gtm-ms wp-block-social-link\"><a href=\"https:\/\/www.facebook.com\/musiqueactuellevicto\" class=\"wp-block-social-link-anchor\"><svg width=\"24\" height=\"24\" viewBox=\"0 0 24 24\" version=\"1.1\" xmlns=\"http:\/\/www.w3.org\/2000\/svg\" aria-hidden=\"true\" focusable=\"false\"><path d=\"M12 2C6.5 2 2 6.5 2 12c0 5 3.7 9.1 8.4 9.9v-7H7.9V12h2.5V9.8c0-2.5 1.5-3.9 3.8-3.9 1.1 0 2.2.2 2.2.2v2.5h-1.3c-1.2 0-1.6.8-1.6 1.6V12h2.8l-.4 2.9h-2.3v7C18.3 21.1 22 17 22 12c0-5.5-4.5-10-10-10z\"><\/path><\/svg><span class=\"wp-block-social-link-label screen-reader-text\">Facebook<\/span><\/a><\/li>\n\n<li class=\"wp-social-link wp-social-link-youtube  wp-block-social-link\"><a href=\"https:\/\/www.youtube.com\/TheFimav\" class=\"wp-block-social-link-anchor\"><svg width=\"24\" height=\"24\" viewBox=\"0 0 24 24\" version=\"1.1\" xmlns=\"http:\/\/www.w3.org\/2000\/svg\" aria-hidden=\"true\" focusable=\"false\"><path d=\"M21.8,8.001c0,0-0.195-1.378-0.795-1.985c-0.76-0.797-1.613-0.801-2.004-0.847c-2.799-0.202-6.997-0.202-6.997-0.202 h-0.009c0,0-4.198,0-6.997,0.202C4.608,5.216,3.756,5.22,2.995,6.016C2.395,6.623,2.2,8.001,2.2,8.001S2,9.62,2,11.238v1.517 c0,1.618,0.2,3.237,0.2,3.237s0.195,1.378,0.795,1.985c0.761,0.797,1.76,0.771,2.205,0.855c1.6,0.153,6.8,0.201,6.8,0.201 s4.203-0.006,7.001-0.209c0.391-0.047,1.243-0.051,2.004-0.847c0.6-0.607,0.795-1.985,0.795-1.985s0.2-1.618,0.2-3.237v-1.517 C22,9.62,21.8,8.001,21.8,8.001z M9.935,14.594l-0.001-5.62l5.404,2.82L9.935,14.594z\"><\/path><\/svg><span class=\"wp-block-social-link-label screen-reader-text\">YouTube<\/span><\/a><\/li>\n\n<li class=\"wp-social-link wp-social-link-instagram  wp-block-social-link\"><a href=\"https:\/\/www.instagram.com\/fimav_victo\/\" class=\"wp-block-social-link-anchor\"><svg width=\"24\" height=\"24\" viewBox=\"0 0 24 24\" version=\"1.1\" xmlns=\"http:\/\/www.w3.org\/2000\/svg\" aria-hidden=\"true\" focusable=\"false\"><path d=\"M12,4.622c2.403,0,2.688,0.009,3.637,0.052c0.877,0.04,1.354,0.187,1.671,0.31c0.42,0.163,0.72,0.358,1.035,0.673 c0.315,0.315,0.51,0.615,0.673,1.035c0.123,0.317,0.27,0.794,0.31,1.671c0.043,0.949,0.052,1.234,0.052,3.637 s-0.009,2.688-0.052,3.637c-0.04,0.877-0.187,1.354-0.31,1.671c-0.163,0.42-0.358,0.72-0.673,1.035 c-0.315,0.315-0.615,0.51-1.035,0.673c-0.317,0.123-0.794,0.27-1.671,0.31c-0.949,0.043-1.233,0.052-3.637,0.052 s-2.688-0.009-3.637-0.052c-0.877-0.04-1.354-0.187-1.671-0.31c-0.42-0.163-0.72-0.358-1.035-0.673 c-0.315-0.315-0.51-0.615-0.673-1.035c-0.123-0.317-0.27-0.794-0.31-1.671C4.631,14.688,4.622,14.403,4.622,12 s0.009-2.688,0.052-3.637c0.04-0.877,0.187-1.354,0.31-1.671c0.163-0.42,0.358-0.72,0.673-1.035 c0.315-0.315,0.615-0.51,1.035-0.673c0.317-0.123,0.794-0.27,1.671-0.31C9.312,4.631,9.597,4.622,12,4.622 M12,3 C9.556,3,9.249,3.01,8.289,3.054C7.331,3.098,6.677,3.25,6.105,3.472C5.513,3.702,5.011,4.01,4.511,4.511 c-0.5,0.5-0.808,1.002-1.038,1.594C3.25,6.677,3.098,7.331,3.054,8.289C3.01,9.249,3,9.556,3,12c0,2.444,0.01,2.751,0.054,3.711 c0.044,0.958,0.196,1.612,0.418,2.185c0.23,0.592,0.538,1.094,1.038,1.594c0.5,0.5,1.002,0.808,1.594,1.038 c0.572,0.222,1.227,0.375,2.185,0.418C9.249,20.99,9.556,21,12,21s2.751-0.01,3.711-0.054c0.958-0.044,1.612-0.196,2.185-0.418 c0.592-0.23,1.094-0.538,1.594-1.038c0.5-0.5,0.808-1.002,1.038-1.594c0.222-0.572,0.375-1.227,0.418-2.185 C20.99,14.751,21,14.444,21,12s-0.01-2.751-0.054-3.711c-0.044-0.958-0.196-1.612-0.418-2.185c-0.23-0.592-0.538-1.094-1.038-1.594 c-0.5-0.5-1.002-0.808-1.594-1.038c-0.572-0.222-1.227-0.375-2.185-0.418C14.751,3.01,14.444,3,12,3L12,3z M12,7.378 c-2.552,0-4.622,2.069-4.622,4.622S9.448,16.622,12,16.622s4.622-2.069,4.622-4.622S14.552,7.378,12,7.378z M12,15 c-1.657,0-3-1.343-3-3s1.343-3,3-3s3,1.343,3,3S13.657,15,12,15z M16.804,6.116c-0.596,0-1.08,0.484-1.08,1.08 s0.484,1.08,1.08,1.08c0.596,0,1.08-0.484,1.08-1.08S17.401,6.116,16.804,6.116z\"><\/path><\/svg><span class=\"wp-block-social-link-label screen-reader-text\">Instagram<\/span><\/a><\/li><\/ul>\n<\/div>\n<\/div>\n<\/div>\n<\/div>\n","protected":false},"excerpt":{"rendered":"<p>Experimental Films Le Carr\u00e9 150 | Salle Les-fr\u00e8res-Lemaire Hommage Pierre H\u00e9bert Curator: Karl Lemieux Program 1 | 16 may | 11 a.m. Lo\u00efc Darses \u00ab Graver l\u2019homme : arr\u00eat sur Pierre H\u00e9bert \u00bb 2024, 1 h 17 min, Documentary Structured like a master class in film engraving, Scratches of Life: The Art of Pierre H\u00e9bert <a href=\"https:\/\/www.fimav.qc.ca\/en\/experimental-film-program\/\" class=\"more-link\">&#8230;<span class=\"screen-reader-text\">  Experimental Films<\/span><\/a><\/p>\n","protected":false},"author":1,"featured_media":0,"parent":0,"menu_order":0,"comment_status":"closed","ping_status":"closed","template":"","meta":{"_seopress_robots_primary_cat":"","_seopress_titles_title":"","_seopress_titles_desc":"","_seopress_robots_index":"","inline_featured_image":false,"footnotes":""},"class_list":["post-1732","page","type-page","status-publish","hentry"],"_links":{"self":[{"href":"https:\/\/www.fimav.qc.ca\/en\/wp-json\/wp\/v2\/pages\/1732","targetHints":{"allow":["GET"]}}],"collection":[{"href":"https:\/\/www.fimav.qc.ca\/en\/wp-json\/wp\/v2\/pages"}],"about":[{"href":"https:\/\/www.fimav.qc.ca\/en\/wp-json\/wp\/v2\/types\/page"}],"author":[{"embeddable":true,"href":"https:\/\/www.fimav.qc.ca\/en\/wp-json\/wp\/v2\/users\/1"}],"replies":[{"embeddable":true,"href":"https:\/\/www.fimav.qc.ca\/en\/wp-json\/wp\/v2\/comments?post=1732"}],"version-history":[{"count":23,"href":"https:\/\/www.fimav.qc.ca\/en\/wp-json\/wp\/v2\/pages\/1732\/revisions"}],"predecessor-version":[{"id":5174,"href":"https:\/\/www.fimav.qc.ca\/en\/wp-json\/wp\/v2\/pages\/1732\/revisions\/5174"}],"wp:attachment":[{"href":"https:\/\/www.fimav.qc.ca\/en\/wp-json\/wp\/v2\/media?parent=1732"}],"curies":[{"name":"wp","href":"https:\/\/api.w.org\/{rel}","templated":true}]}}