{"id":1747,"date":"2025-01-27T21:40:06","date_gmt":"2025-01-28T02:40:06","guid":{"rendered":"https:\/\/www.fimav.qc.ca\/timetable\/"},"modified":"2026-04-16T10:19:52","modified_gmt":"2026-04-16T14:19:52","slug":"timetable","status":"publish","type":"page","link":"https:\/\/www.fimav.qc.ca\/en\/timetable\/","title":{"rendered":"Festival Schedule"},"content":{"rendered":"\n<div class=\"wp-block-group\"><div class=\"wp-block-group__inner-container is-layout-constrained wp-block-group-is-layout-constrained\">\n<div class=\"wp-block-group\"><div class=\"wp-block-group__inner-container is-layout-constrained wp-block-group-is-layout-constrained\"><\/div><\/div>\n<\/div><\/div>\n\n<div class=\"wp-block-group gtm-grille-horaire\"><div class=\"wp-block-group__inner-container is-layout-constrained wp-block-group-is-layout-constrained\">\n<h1 class=\"wp-block-heading gtm-titre-bg-white-section\">Festival Schedule<\/h1>\n\n\n\n<div class=\"wp-block-group gtm-section-bg-white\"><div class=\"wp-block-group__inner-container is-layout-constrained wp-block-group-is-layout-constrained\">\n<div class=\"wp-block-columns is-layout-flex wp-container-core-columns-is-layout-28f84493 wp-block-columns-is-layout-flex\">\n<div class=\"wp-block-column gtm-gratuit is-layout-flow wp-block-column-is-layout-flow\">\n<p><strong>Free and Satellite Events<\/strong><\/p>\n<\/div>\n\n\n\n<div class=\"wp-block-column gtm-qg is-layout-flow wp-block-column-is-layout-flow\">\n<p><strong><strong>Free Events in the QG (Festival Hub)<\/strong><\/strong><\/p>\n<\/div>\n\n\n\n<div class=\"wp-block-column gtm-payant is-layout-flow wp-block-column-is-layout-flow\">\n<p><strong><strong>Ticketed Events<\/strong><\/strong><\/p>\n<\/div>\n<\/div>\n\n\n\n<div class=\"wp-block-columns gtm-horaire-jours is-layout-flex wp-container-core-columns-is-layout-28f84493 wp-block-columns-is-layout-flex\">\n<div class=\"wp-block-column gtm-jour is-layout-flow wp-block-column-is-layout-flow\">\n<h3 class=\"wp-block-heading\">Tuesday 12 May<\/h3>\n\n\n\n<div class=\"wp-block-group gtm-gratuit\"><div class=\"wp-block-group__inner-container is-layout-constrained wp-block-group-is-layout-constrained\">\n<h5 class=\"wp-block-heading\">7 p.m.<\/h5>\n\n\n\n<p><strong><a href=\"https:\/\/www.fimav.qc.ca\/en\/2026\/01\/20\/friendly-rich-les-oiseaux-de-marsville\/\" data-type=\"post\" data-id=\"4091\">Friendly Rich \u00ab Les Oiseaux de Marsville \u00bb<\/a><\/strong><br\/>Th\u00e9\u00e2tre Parminou<\/p>\n\n\n\n<h6 class=\"wp-block-heading\">free<\/h6>\n<\/div><\/div>\n\n\n\n<div class=\"wp-block-group gtm-gratuit\"><div class=\"wp-block-group__inner-container is-layout-constrained wp-block-group-is-layout-constrained\">\n<h5 class=\"wp-block-heading\">8 p.m.<\/h5>\n\n\n\n<p><strong>Meet the FIMAV Director, &#8220;The Future of Musique Actuelle&#8221; (in French) + concert (Malcolm Goldstein &amp; Susanna Hood)<br\/><\/strong>Caf\u00e9 Lewis<\/p>\n\n\n\n<h6 class=\"wp-block-heading\">free<\/h6>\n<\/div><\/div>\n<\/div>\n\n\n\n<div class=\"wp-block-column gtm-jour is-layout-flow wp-block-column-is-layout-flow\">\n<h3 class=\"wp-block-heading\">Wednesday 13 May<\/h3>\n\n\n\n<div class=\"wp-block-group gtm-gratuit\"><div class=\"wp-block-group__inner-container is-layout-constrained wp-block-group-is-layout-constrained\">\n<h5 class=\"wp-block-heading\">7 p.m.<\/h5>\n\n\n\n<p><strong><a href=\"https:\/\/www.fimav.qc.ca\/en\/2026\/01\/20\/friendly-rich-les-oiseaux-de-marsville\/\" data-type=\"post\" data-id=\"4091\">Friendly Rich \u00ab Les Oiseaux de Marsville \u00bb<\/a><\/strong><br\/>Th\u00e9\u00e2tre Parminou<\/p>\n\n\n\n<h6 class=\"wp-block-heading\">free<\/h6>\n<\/div><\/div>\n\n\n\n<div class=\"wp-block-group gtm-gratuit\"><div class=\"wp-block-group__inner-container is-layout-constrained wp-block-group-is-layout-constrained\">\n<h5 class=\"wp-block-heading\">8 p.m.<\/h5>\n\n\n\n<p><strong>Lancement Inter, art actuel, dossier sp\u00e9cial \u00ab Ou\u00efr \u00bb et concert (R\u00e9my B\u00e9langer de Beauport, Esther Bourdages &amp; Alexandre St-Onge) <\/strong><br\/>Caf\u00e9 Lewis<\/p>\n\n\n\n<h6 class=\"wp-block-heading\">free<\/h6>\n<\/div><\/div>\n<\/div>\n\n\n\n<div class=\"wp-block-column gtm-jour is-layout-flow wp-block-column-is-layout-flow\">\n<h3 class=\"wp-block-heading\">Thursday 14 May<\/h3>\n\n\n\n<div class=\"wp-block-group gtm-payant\"><div class=\"wp-block-group__inner-container is-layout-constrained wp-block-group-is-layout-constrained\">\n<h5 class=\"wp-block-heading\">7:30 p.m.<\/h5>\n\n\n\n<p><strong><a href=\"https:\/\/www.fimav.qc.ca\/en\/2026\/01\/20\/amirtha-kidambis-elder-ones\/\" data-type=\"post\" data-id=\"4026\">Amirtha Kidambi\u2019s Elder Ones<\/a><\/strong><br\/>Salle Lemaire, Carr\u00e9 150<\/p>\n\n\n\n<h6 class=\"wp-block-heading\">$10<\/h6>\n<\/div><\/div>\n\n\n\n<div class=\"wp-block-group gtm-payant\"><div class=\"wp-block-group__inner-container is-layout-constrained wp-block-group-is-layout-constrained\">\n<h5 class=\"wp-block-heading\">9:30 p.m.<\/h5>\n\n\n\n<p><strong><a href=\"https:\/\/www.fimav.qc.ca\/en\/2026\/01\/20\/darius-jones-trio-legend-of-eboi-the-hypervigilent-eye\/\" data-type=\"post\" data-id=\"4024\">Darius Jones \u00ab Legend of e&#8217;Boi \u00bb<\/a><\/strong><br\/>Cabaret, Carr\u00e9 150<\/p>\n\n\n\n<h6 class=\"wp-block-heading\">30$<\/h6>\n<\/div><\/div>\n\n\n\n<div class=\"wp-block-group gtm-qg\"><div class=\"wp-block-group__inner-container is-layout-constrained wp-block-group-is-layout-constrained\">\n<h5 class=\"wp-block-heading\">11 p.m.<\/h5>\n\n\n\n<p><strong><a href=\"https:\/\/www.fimav.qc.ca\/en\/2026\/01\/20\/john-oswald-plunderphonic-coveralls\/\" data-type=\"post\" data-id=\"4038\">John Oswald \u00ab PlunderphoniCoveralls \u00bb<\/a><\/strong><br\/>Quartier g\u00e9n\u00e9ral, Carr\u00e9 150<\/p>\n\n\n\n<h6 class=\"wp-block-heading\">free<\/h6>\n<\/div><\/div>\n<\/div>\n<\/div>\n\n\n\n<div class=\"wp-block-columns gtm-horaire-jours is-layout-flex wp-container-core-columns-is-layout-28f84493 wp-block-columns-is-layout-flex\">\n<div class=\"wp-block-column gtm-jour is-layout-flow wp-block-column-is-layout-flow\">\n<h4 class=\"wp-block-heading\">Friday 15 May<\/h4>\n\n\n\n<div class=\"wp-block-group gtm-gratuit\"><div class=\"wp-block-group__inner-container is-layout-constrained wp-block-group-is-layout-constrained\">\n<h5 class=\"wp-block-heading\">3 p.m.<\/h5>\n\n\n\n<p><strong><a href=\"https:\/\/www.fimav.qc.ca\/en\/2026\/01\/20\/friendly-rich-les-oiseaux-de-marsville\/\" data-type=\"post\" data-id=\"4091\">Friendly Rich \u00ab Les Oiseaux de Marsville \u00bb<\/a><\/strong><br\/>Sc\u00e8ne Pierre-Bruneau, Place Ste-Victoire<\/p>\n\n\n\n<h6 class=\"wp-block-heading\">free<\/h6>\n<\/div><\/div>\n\n\n\n<div class=\"wp-block-group gtm-payant\"><div class=\"wp-block-group__inner-container is-layout-constrained wp-block-group-is-layout-constrained\">\n<h5 class=\"wp-block-heading\">5 p.m.<\/h5>\n\n\n\n<p><strong><a href=\"https:\/\/www.fimav.qc.ca\/en\/2026\/01\/20\/beast\/\" data-type=\"post\" data-id=\"4093\">Beast<\/a><\/strong><br\/>Centre des congr\u00e8s, H\u00f4tel le Victorin<\/p>\n\n\n\n<h6 class=\"wp-block-heading\">25$<\/h6>\n<\/div><\/div>\n\n\n\n<div class=\"wp-block-group gtm-qg\"><div class=\"wp-block-group__inner-container is-layout-constrained wp-block-group-is-layout-constrained\">\n<h5 class=\"wp-block-heading\">6 p.m.<\/h5>\n\n\n\n<p><strong>Informal Concert<\/strong><br\/>Quartier g\u00e9n\u00e9ral, Carr\u00e9 150<\/p>\n\n\n\n<h6 class=\"wp-block-heading\">free<\/h6>\n<\/div><\/div>\n\n\n\n<div class=\"wp-block-group gtm-payant\"><div class=\"wp-block-group__inner-container is-layout-constrained wp-block-group-is-layout-constrained\">\n<h5 class=\"wp-block-heading\">7:30 p.m.<\/h5>\n\n\n\n<p><strong><a href=\"https:\/\/www.fimav.qc.ca\/en\/2026\/01\/20\/sakina-abdou-toma-gouband-marta-warelis\/\" data-type=\"post\" data-id=\"4002\">Sakina Abdou \/ Toma Gouband \/ Marta Warelis<\/a><\/strong><br\/>Salle Lemaire, Carr\u00e9 150<\/p>\n\n\n\n<h6 class=\"wp-block-heading\">30$<\/h6>\n<\/div><\/div>\n\n\n\n<div class=\"wp-block-group gtm-payant\"><div class=\"wp-block-group__inner-container is-layout-constrained wp-block-group-is-layout-constrained\">\n<h5 class=\"wp-block-heading\">9:30 p.m.<\/h5>\n\n\n\n<p><strong><a href=\"https:\/\/www.fimav.qc.ca\/en\/2026\/01\/20\/josh-zubot-strings\/\" data-type=\"post\" data-id=\"4003\">Josh Zubot Strings<\/a><\/strong><br\/>Cabaret, Carr\u00e9 150<\/p>\n\n\n\n<h6 class=\"wp-block-heading\">30$<\/h6>\n<\/div><\/div>\n\n\n\n<div class=\"wp-block-group gtm-qg\"><div class=\"wp-block-group__inner-container is-layout-constrained wp-block-group-is-layout-constrained\">\n<h5 class=\"wp-block-heading\">11 p.m.<\/h5>\n\n\n\n<p><strong><a href=\"https:\/\/www.fimav.qc.ca\/en\/2026\/01\/20\/john-oswald-plunderphonic-coveralls\/\" data-type=\"post\" data-id=\"4038\">John Oswald \u00ab PlunderphoniCoveralls \u00bb<\/a><\/strong><br\/>Quartier g\u00e9n\u00e9ral, Carr\u00e9 150<\/p>\n\n\n\n<h6 class=\"wp-block-heading\">free<\/h6>\n<\/div><\/div>\n<\/div>\n\n\n\n<div class=\"wp-block-column gtm-jour is-layout-flow wp-block-column-is-layout-flow\">\n<h4 class=\"wp-block-heading\">Saturday 16 May<\/h4>\n\n\n\n<div class=\"wp-block-group gtm-gratuit\"><div class=\"wp-block-group__inner-container is-layout-constrained wp-block-group-is-layout-constrained\">\n<h5 class=\"wp-block-heading\">10 a.m.<\/h5>\n\n\n\n<p><strong><a href=\"https:\/\/www.fimav.qc.ca\/en\/2026\/01\/20\/friendly-rich-les-oiseaux-de-marsville\/\" data-type=\"post\" data-id=\"4091\">Friendly Rich \u00ab Les Oiseaux de Marsville \u00bb<\/a><\/strong><br\/>Sc\u00e8ne Pierre-Bruneau, Place Ste-Victoire<\/p>\n\n\n\n<h6 class=\"wp-block-heading\">free<\/h6>\n<\/div><\/div>\n\n\n\n<div class=\"wp-block-group gtm-payant\"><div class=\"wp-block-group__inner-container is-layout-constrained wp-block-group-is-layout-constrained\">\n<h5 class=\"wp-block-heading\">11 p.m.<\/h5>\n\n\n\n<p><strong><a href=\"https:\/\/www.fimav.qc.ca\/en\/experimental-film-program\/\" data-type=\"page\" data-id=\"42\">Cinema program 1<\/a><\/strong><br\/>Salle Lemaire, Carr\u00e9 150<\/p>\n\n\n\n<h6 class=\"wp-block-heading\">$10<\/h6>\n<\/div><\/div>\n\n\n\n<div class=\"wp-block-group gtm-payant\"><div class=\"wp-block-group__inner-container is-layout-constrained wp-block-group-is-layout-constrained\">\n<h5 class=\"wp-block-heading\">1 p.m.<\/h5>\n\n\n\n<p><strong><a href=\"https:\/\/www.fimav.qc.ca\/en\/2026\/01\/20\/pablo-jimenez-adrianne-munden-dixon\/\" data-type=\"post\" data-id=\"4089\">Pablo Jim\u00e9nez \/ Adrianne Munden-Dixon<\/a><\/strong><br\/>\u00c9glise St-Christophe d\u2019Arthabaska<\/p>\n\n\n\n<h6 class=\"wp-block-heading\">25$<\/h6>\n<\/div><\/div>\n\n\n\n<div class=\"wp-block-group gtm-payant\"><div class=\"wp-block-group__inner-container is-layout-constrained wp-block-group-is-layout-constrained\">\n<h5 class=\"wp-block-heading\">3 p.m.<\/h5>\n\n\n\n<p><strong><a href=\"https:\/\/www.fimav.qc.ca\/en\/2026\/01\/20\/rafael-toral-guitar-concert\/\" data-type=\"post\" data-id=\"4036\">Rafael Toral \u00ab Guitar Concert \u00bb<\/a><\/strong><br\/>Cabaret, Carr\u00e9 150<\/p>\n\n\n\n<h6 class=\"wp-block-heading\">25$<\/h6>\n<\/div><\/div>\n\n\n\n<div class=\"wp-block-group gtm-payant\"><div class=\"wp-block-group__inner-container is-layout-constrained wp-block-group-is-layout-constrained\">\n<h5 class=\"wp-block-heading\">5 p.m.<\/h5>\n\n\n\n<p><strong><a href=\"https:\/\/www.fimav.qc.ca\/en\/2026\/01\/20\/yves-charuest-john-edwards-mark-sanders\/\" data-type=\"post\" data-id=\"4095\">Yves Charuest \/ John Edwards \/ Mark Sanders<\/a><\/strong><br\/>Centre des congr\u00e8s, H\u00f4tel le Victorin<\/p>\n\n\n\n<h6 class=\"wp-block-heading\">25$<\/h6>\n<\/div><\/div>\n\n\n\n<div class=\"wp-block-group gtm-qg\"><div class=\"wp-block-group__inner-container is-layout-constrained wp-block-group-is-layout-constrained\">\n<h5 class=\"wp-block-heading\">6 p.m.<\/h5>\n\n\n\n<p><strong>Informal Concert<\/strong><br\/>Quartier g\u00e9n\u00e9ral, Carr\u00e9 150<\/p>\n\n\n\n<h6 class=\"wp-block-heading\">free<\/h6>\n<\/div><\/div>\n\n\n\n<div class=\"wp-block-group gtm-payant\"><div class=\"wp-block-group__inner-container is-layout-constrained wp-block-group-is-layout-constrained\">\n<h5 class=\"wp-block-heading\">7:30 p.m.<\/h5>\n\n\n\n<p><strong><a href=\"https:\/\/www.fimav.qc.ca\/en\/2026\/01\/20\/pat-thomas-solo-piano\/\" data-type=\"post\" data-id=\"4032\">Pat Thomas Solo<\/a><\/strong><br\/>Salle Lemaire, Carr\u00e9 150<\/p>\n\n\n\n<h6 class=\"wp-block-heading\">30$<\/h6>\n<\/div><\/div>\n\n\n\n<div class=\"wp-block-group gtm-payant\"><div class=\"wp-block-group__inner-container is-layout-constrained wp-block-group-is-layout-constrained\">\n<h5 class=\"wp-block-heading\">9:30 p.m.<\/h5>\n\n\n\n<p><strong><a href=\"https:\/\/www.fimav.qc.ca\/en\/2026\/01\/20\/darius-jones-fluxkit-vancouver-its-suite-but-sacred\/\" data-type=\"post\" data-id=\"4030\">Darius Jones \u00ab fLuXkit Vancouver (<s>its <\/s>suite but sacred) \u00bb<\/a><\/strong><br\/>Cabaret, Carr\u00e9 150<\/p>\n\n\n\n<h6 class=\"wp-block-heading\">30$<\/h6>\n<\/div><\/div>\n\n\n\n<div class=\"wp-block-group gtm-qg\"><div class=\"wp-block-group__inner-container is-layout-constrained wp-block-group-is-layout-constrained\">\n<h5 class=\"wp-block-heading\">11 p.m.<\/h5>\n\n\n\n<p><strong><a href=\"https:\/\/www.fimav.qc.ca\/en\/2026\/01\/20\/john-oswald-plunderphonic-coveralls\/\" data-type=\"post\" data-id=\"4038\">John Oswald \u00ab PlunderphoniCoveralls \u00bb<\/a><\/strong><br\/>Quartier g\u00e9n\u00e9ral, Carr\u00e9 150<\/p>\n\n\n\n<h6 class=\"wp-block-heading\">free<\/h6>\n<\/div><\/div>\n<\/div>\n\n\n\n<div class=\"wp-block-column gtm-jour is-layout-flow wp-block-column-is-layout-flow\">\n<h4 class=\"wp-block-heading\">Sunday 17 May<\/h4>\n\n\n\n<div class=\"wp-block-group gtm-payant\"><div class=\"wp-block-group__inner-container is-layout-constrained wp-block-group-is-layout-constrained\">\n<h5 class=\"wp-block-heading\">11 p.m.<\/h5>\n\n\n\n<p><strong><a href=\"https:\/\/www.fimav.qc.ca\/en\/experimental-film-program\/\" data-type=\"page\" data-id=\"42\">Cinema Program 2<\/a><\/strong><\/p>\n\n\n\n<h6 class=\"wp-block-heading\">$10<\/h6>\n<\/div><\/div>\n\n\n\n<div class=\"wp-block-group gtm-gratuit\"><div class=\"wp-block-group__inner-container is-layout-constrained wp-block-group-is-layout-constrained\">\n<h5 class=\"wp-block-heading\">1 p.m.<\/h5>\n\n\n\n<p><strong><a href=\"https:\/\/www.fimav.qc.ca\/en\/2026\/01\/20\/la-fanfare-pourpour\/\" data-type=\"post\" data-id=\"4087\">fanfare Pourpour<\/a><\/strong><br\/>Sc\u00e8ne Pierre-Bruneau, Place Ste-Victoire<\/p>\n\n\n\n<h6 class=\"wp-block-heading\">free<\/h6>\n<\/div><\/div>\n\n\n\n<div class=\"wp-block-group gtm-payant\"><div class=\"wp-block-group__inner-container is-layout-constrained wp-block-group-is-layout-constrained\">\n<h5 class=\"wp-block-heading\">3 p.m.<\/h5>\n\n\n\n<p><strong><a href=\"https:\/\/www.fimav.qc.ca\/en\/2026\/01\/20\/queen-mab-40-ans-plus-tard\/\" data-type=\"post\" data-id=\"4020\">Queen Mab \u00ab 40 ans plus tard \u00bb<\/a><\/strong><br\/>Cabaret, Carr\u00e9 150<\/p>\n\n\n\n<h6 class=\"wp-block-heading\">25$<\/h6>\n<\/div><\/div>\n\n\n\n<div class=\"wp-block-group gtm-payant\"><div class=\"wp-block-group__inner-container is-layout-constrained wp-block-group-is-layout-constrained\">\n<h5 class=\"wp-block-heading\">5 p.m.<\/h5>\n\n\n\n<p><strong><a href=\"https:\/\/www.fimav.qc.ca\/en\/2026\/01\/20\/sarah-page-no-hay-banda-voda\/\" data-type=\"post\" data-id=\"4040\">Sarah Pag\u00e9 &amp; No Hay Banda \u00ab Voda \u00bb<\/a><\/strong><br\/>Centre des congr\u00e8s, H\u00f4tel le Victorin<\/p>\n\n\n\n<h6 class=\"wp-block-heading\">25$<\/h6>\n<\/div><\/div>\n\n\n\n<div class=\"wp-block-group gtm-qg\"><div class=\"wp-block-group__inner-container is-layout-constrained wp-block-group-is-layout-constrained\">\n<h5 class=\"wp-block-heading\">6 p.m.<\/h5>\n\n\n\n<p><strong>Informal Concert<\/strong><br\/>Quartier g\u00e9n\u00e9ral, Carr\u00e9 150<\/p>\n\n\n\n<h6 class=\"wp-block-heading\">free<\/h6>\n<\/div><\/div>\n\n\n\n<div class=\"wp-block-group gtm-payant\"><div class=\"wp-block-group__inner-container is-layout-constrained wp-block-group-is-layout-constrained\">\n<h5 class=\"wp-block-heading\">8 p.m.<\/h5>\n\n\n\n<p><strong><a href=\"https:\/\/www.fimav.qc.ca\/en\/2026\/01\/20\/%d8%a3%d8%ad%d9%85%d8%af-ahmed-play-monk\/\" data-type=\"post\" data-id=\"4022\">\u0623\u062d\u0645\u062f [Ahmed] \u00ab Play Monk \u00bb<\/a><\/strong><br\/>Salle Lemaire, Carr\u00e9 150<\/p>\n\n\n\n<h6 class=\"wp-block-heading\">$10<\/h6>\n<\/div><\/div>\n\n\n\n<div class=\"wp-block-group gtm-payant\"><div class=\"wp-block-group__inner-container is-layout-constrained wp-block-group-is-layout-constrained\">\n<h5 class=\"wp-block-heading\">10 p.m.<\/h5>\n\n\n\n<p><a href=\"https:\/\/www.fimav.qc.ca\/en\/2026\/01\/20\/eric-chenaux\/\" data-type=\"post\" data-id=\"4034\"><strong>Eric Chenaux<\/strong><\/a><br\/>Cabaret, Carr\u00e9 150<\/p>\n\n\n\n<h6 class=\"wp-block-heading\">30$<\/h6>\n<\/div><\/div>\n<\/div>\n<\/div>\n<\/div><\/div>\n<\/div><\/div>\n\n<div class=\"wp-block-group\"><div class=\"wp-block-group__inner-container is-layout-constrained wp-block-group-is-layout-constrained\">\n<div class=\"wp-block-columns gtm-grille-horaire is-layout-flex wp-container-core-columns-is-layout-28f84493 wp-block-columns-is-layout-flex\">\n<div class=\"wp-block-column is-vertically-aligned-top animate-fade-in gtm-bloc-grille-horaire is-layout-flow wp-block-column-is-layout-flow\">\n<div class=\"wp-block-cover gtm-bg gtm-action\" style=\"border-radius:0px;min-height:280px;aspect-ratio:unset;\"><img alt=\"\" loading=\"lazy\" decoding=\"async\" width=\"1024\" height=\"626\" class=\"wp-block-cover__image-background wp-image-3773 size-large\" alt=\"\" src=\"https:\/\/www.fimav.qc.ca\/wp-content\/uploads\/2025\/05\/FIRE-Orchestra-CBA-55-1024x626.jpg\" data-object-fit=\"cover\" srcset=\"https:\/\/www.fimav.qc.ca\/wp-content\/uploads\/2025\/05\/FIRE-Orchestra-CBA-55-1024x626.jpg 1024w, https:\/\/www.fimav.qc.ca\/wp-content\/uploads\/2025\/05\/FIRE-Orchestra-CBA-55-300x183.jpg 300w\" sizes=\"auto, (max-width: 1024px) 100vw, 1024px\" \/><span aria-hidden=\"true\" class=\"wp-block-cover__background has-background-dim-100 has-background-dim wp-block-cover__gradient-background has-background-gradient\" style=\"background:linear-gradient(135deg,rgb(23,22,22) 0%,rgba(23,22,22,0.47) 100%)\"><\/span><div class=\"wp-block-cover__inner-container is-layout-constrained wp-block-cover-is-layout-constrained\">\n<h3 class=\"wp-block-heading has-text-align-center\">CONCERTS<\/h3>\n\n\n\n<div class=\"wp-block-buttons is-content-justification-center is-layout-flex wp-container-core-buttons-is-layout-a89b3969 wp-block-buttons-is-layout-flex\">\n<div class=\"wp-block-button gtm-btn-primary\"><a class=\"wp-block-button__link wp-element-button\" href=\"https:\/\/www.fimav.qc.ca\/en\/concerts\/\">Find out more<\/a><\/div>\n<\/div>\n<\/div><\/div>\n<\/div>\n\n\n\n<div class=\"wp-block-column animate-fade-in-2 gtm-bloc-grille-horaire is-layout-flow wp-block-column-is-layout-flow\">\n<div class=\"wp-block-cover gtm-bg gtm-action\" style=\"border-radius:0px;min-height:280px;aspect-ratio:unset;\"><img alt=\"\" loading=\"lazy\" decoding=\"async\" width=\"2100\" height=\"1400\" class=\"wp-block-cover__image-background wp-image-2367\" alt=\"\" src=\"https:\/\/www.fimav.qc.ca\/wp-content\/uploads\/2025\/03\/PeterVanHaaften_GarnetWillis-13.jpg\" data-object-fit=\"cover\" srcset=\"https:\/\/www.fimav.qc.ca\/wp-content\/uploads\/2025\/03\/PeterVanHaaften_GarnetWillis-13.jpg 2100w, https:\/\/www.fimav.qc.ca\/wp-content\/uploads\/2025\/03\/PeterVanHaaften_GarnetWillis-13-300x200.jpg 300w, https:\/\/www.fimav.qc.ca\/wp-content\/uploads\/2025\/03\/PeterVanHaaften_GarnetWillis-13-1024x683.jpg 1024w\" sizes=\"auto, (max-width: 2100px) 100vw, 2100px\" \/><span aria-hidden=\"true\" class=\"wp-block-cover__background has-background-dim-100 has-background-dim wp-block-cover__gradient-background has-background-gradient\" style=\"background:linear-gradient(135deg,rgb(23,22,22) 0%,rgba(23,22,22,0.47) 100%)\"><\/span><div class=\"wp-block-cover__inner-container is-layout-constrained wp-block-cover-is-layout-constrained\">\n<h3 class=\"wp-block-heading has-text-align-center\">SOUND ART INSTALLATIONS<\/h3>\n\n\n\n<div class=\"wp-block-buttons is-content-justification-center is-layout-flex wp-container-core-buttons-is-layout-a89b3969 wp-block-buttons-is-layout-flex\">\n<div class=\"wp-block-button gtm-btn-primary\"><a class=\"wp-block-button__link wp-element-button\" href=\"https:\/\/www.fimav.qc.ca\/en\/sound-art-installations-2\/\">Find out more<\/a><\/div>\n<\/div>\n<\/div><\/div>\n<\/div>\n\n\n\n<div class=\"wp-block-column animate-fade-in-3 gtm-bloc-grille-horaire is-layout-flow wp-block-column-is-layout-flow\">\n<div class=\"wp-block-cover gtm-bg gtm-action\" style=\"border-radius:0px;min-height:280px;aspect-ratio:unset;\"><img alt=\"\" loading=\"lazy\" decoding=\"async\" width=\"1024\" height=\"732\" class=\"wp-block-cover__image-background wp-image-4330 size-large\" alt=\"\" src=\"https:\/\/www.fimav.qc.ca\/wp-content\/uploads\/2026\/02\/Pierre-He\u0301bert_-cre\u0301dit-ONF-1024x732.jpg\" data-object-fit=\"cover\" srcset=\"https:\/\/www.fimav.qc.ca\/wp-content\/uploads\/2026\/02\/Pierre-He\u0301bert_-cre\u0301dit-ONF-1024x732.jpg 1024w, https:\/\/www.fimav.qc.ca\/wp-content\/uploads\/2026\/02\/Pierre-He\u0301bert_-cre\u0301dit-ONF-300x214.jpg 300w, https:\/\/www.fimav.qc.ca\/wp-content\/uploads\/2026\/02\/Pierre-He\u0301bert_-cre\u0301dit-ONF.jpg 1920w\" sizes=\"auto, (max-width: 1024px) 100vw, 1024px\" \/><span aria-hidden=\"true\" class=\"wp-block-cover__background has-background-dim-100 has-background-dim wp-block-cover__gradient-background has-background-gradient\" style=\"background:linear-gradient(135deg,rgb(23,22,22) 0%,rgba(23,22,22,0.47) 100%)\"><\/span><div class=\"wp-block-cover__inner-container is-layout-constrained wp-block-cover-is-layout-constrained\">\n<h3 class=\"wp-block-heading has-text-align-center\">EXPERIMENTAL CINEMA<\/h3>\n\n\n\n<div class=\"wp-block-buttons is-content-justification-center is-layout-flex wp-container-core-buttons-is-layout-a89b3969 wp-block-buttons-is-layout-flex\">\n<div class=\"wp-block-button gtm-btn-primary\"><a class=\"wp-block-button__link wp-element-button\" href=\"https:\/\/www.fimav.qc.ca\/en\/experimental-film-program\/\">Find out more<\/a><\/div>\n<\/div>\n<\/div><\/div>\n<\/div>\n\n\n\n<div class=\"wp-block-column animate-fade-in-3 gtm-bloc-grille-horaire is-layout-flow wp-block-column-is-layout-flow\">\n<div class=\"wp-block-cover gtm-bg gtm-action\" style=\"border-radius:0px;min-height:280px;aspect-ratio:unset;\"><img alt=\"\" loading=\"lazy\" decoding=\"async\" width=\"358\" height=\"395\" class=\"wp-block-cover__image-background wp-image-2747\" alt=\"\" src=\"https:\/\/www.fimav.qc.ca\/wp-content\/uploads\/2025\/04\/ERICK.jpg\" data-object-fit=\"cover\" srcset=\"https:\/\/www.fimav.qc.ca\/wp-content\/uploads\/2025\/04\/ERICK.jpg 358w, https:\/\/www.fimav.qc.ca\/wp-content\/uploads\/2025\/04\/ERICK-272x300.jpg 272w\" sizes=\"auto, (max-width: 358px) 100vw, 358px\" \/><span aria-hidden=\"true\" class=\"wp-block-cover__background has-background-dim-100 has-background-dim wp-block-cover__gradient-background has-background-gradient\" style=\"background:linear-gradient(135deg,rgb(23,22,22) 0%,rgba(23,22,22,0.47) 100%)\"><\/span><div class=\"wp-block-cover__inner-container is-layout-constrained wp-block-cover-is-layout-constrained\">\n<h3 class=\"wp-block-heading has-text-align-center\">ADDITIONAL PROGRAMMING<\/h3>\n\n\n\n<div class=\"wp-block-buttons is-content-justification-center is-layout-flex wp-container-core-buttons-is-layout-a89b3969 wp-block-buttons-is-layout-flex\">\n<div class=\"wp-block-button gtm-btn-primary\"><a class=\"wp-block-button__link wp-element-button\" href=\"https:\/\/www.fimav.qc.ca\/en\/additional-programming\/\">Find out more<\/a><\/div>\n<\/div>\n<\/div><\/div>\n<\/div>\n<\/div>\n<\/div><\/div>\n\n<p><\/p>\n","protected":false},"excerpt":{"rendered":"<p>Festival Schedule Free and Satellite Events Free Events in the QG (Festival Hub) Ticketed Events Tuesday 12 May 7 p.m. Friendly Rich \u00ab Les Oiseaux de Marsville \u00bbTh\u00e9\u00e2tre Parminou free 8 p.m. Meet the FIMAV Director, &#8220;The Future of Musique Actuelle&#8221; (in French) + concert (Malcolm Goldstein &amp; Susanna Hood)Caf\u00e9 Lewis free Wednesday 13 May <a href=\"https:\/\/www.fimav.qc.ca\/en\/timetable\/\" class=\"more-link\">&#8230;<span class=\"screen-reader-text\">  Festival Schedule<\/span><\/a><\/p>\n","protected":false},"author":1,"featured_media":4626,"parent":0,"menu_order":0,"comment_status":"closed","ping_status":"closed","template":"","meta":{"_seopress_robots_primary_cat":"","_seopress_titles_title":"","_seopress_titles_desc":"","_seopress_robots_index":"","inline_featured_image":false,"footnotes":""},"class_list":["post-1747","page","type-page","status-publish","has-post-thumbnail","hentry"],"_links":{"self":[{"href":"https:\/\/www.fimav.qc.ca\/en\/wp-json\/wp\/v2\/pages\/1747","targetHints":{"allow":["GET"]}}],"collection":[{"href":"https:\/\/www.fimav.qc.ca\/en\/wp-json\/wp\/v2\/pages"}],"about":[{"href":"https:\/\/www.fimav.qc.ca\/en\/wp-json\/wp\/v2\/types\/page"}],"author":[{"embeddable":true,"href":"https:\/\/www.fimav.qc.ca\/en\/wp-json\/wp\/v2\/users\/1"}],"replies":[{"embeddable":true,"href":"https:\/\/www.fimav.qc.ca\/en\/wp-json\/wp\/v2\/comments?post=1747"}],"version-history":[{"count":28,"href":"https:\/\/www.fimav.qc.ca\/en\/wp-json\/wp\/v2\/pages\/1747\/revisions"}],"predecessor-version":[{"id":6090,"href":"https:\/\/www.fimav.qc.ca\/en\/wp-json\/wp\/v2\/pages\/1747\/revisions\/6090"}],"wp:featuredmedia":[{"embeddable":true,"href":"https:\/\/www.fimav.qc.ca\/en\/wp-json\/wp\/v2\/media\/4626"}],"wp:attachment":[{"href":"https:\/\/www.fimav.qc.ca\/en\/wp-json\/wp\/v2\/media?parent=1747"}],"curies":[{"name":"wp","href":"https:\/\/api.w.org\/{rel}","templated":true}]}}