{"id":1760,"date":"2025-02-26T15:14:23","date_gmt":"2025-02-26T20:14:23","guid":{"rendered":"https:\/\/www.fimav.qc.ca\/awards-and-recognition\/"},"modified":"2026-02-08T13:09:50","modified_gmt":"2026-02-08T18:09:50","slug":"awards-and-recognition","status":"publish","type":"page","link":"https:\/\/www.fimav.qc.ca\/en\/awards-and-recognition\/","title":{"rendered":"Awards and Recognition"},"content":{"rendered":"\n<div class=\"wp-block-group gtm-section-compo\"><div class=\"wp-block-group__inner-container is-layout-constrained wp-block-group-is-layout-constrained\">\n<h1 class=\"wp-block-heading gtm-titre-bg-white-section\">Awards and Recognition<\/h1>\n\n\n\n<div class=\"wp-block-group gtm-section-bg-white\"><div class=\"wp-block-group__inner-container is-layout-constrained wp-block-group-is-layout-constrained\">\n<div class=\"wp-block-columns animate-zoom-in is-layout-flex wp-container-core-columns-is-layout-28f84493 wp-block-columns-is-layout-flex\">\n<div class=\"wp-block-column is-layout-flow wp-block-column-is-layout-flow\">\n<h4 class=\"wp-block-heading\">Prix Hommage (2025)<\/h4>\n\n\n\n<p>Awarded to Michel Levasseur for his career achievements<br\/>Gala Prix Opus edition 28<\/p>\n<\/div>\n\n\n\n<div class=\"wp-block-column is-layout-flow wp-block-column-is-layout-flow\">\n<h4 class=\"wp-block-heading\">Prix Hommage (2023)<\/h4>\n\n\n\n<p>Michel Levasseur, General and Artistic Director \/ Joanne V\u00e9zina, Administrative Director<br\/>GalArt &#8211; Culture Centre-du-Qu\u00e9bec<\/p>\n<\/div>\n\n\n\n<div class=\"wp-block-column is-layout-flow wp-block-column-is-layout-flow\">\n<h4 class=\"wp-block-heading\">Bons coups du communautaire (2023)<\/h4>\n\n\n\n<p>For the project \u00ab Une plateforme pour la r\u00e9insertion sociale \u00bb, Corporation de d\u00e9veloppement communautaire des Bois-Francs<\/p>\n<\/div>\n<\/div>\n\n\n\n<div class=\"wp-block-columns animate-zoom-in is-layout-flex wp-container-core-columns-is-layout-28f84493 wp-block-columns-is-layout-flex\">\n<div class=\"wp-block-column is-layout-flow wp-block-column-is-layout-flow\">\n<h4 class=\"wp-block-heading\">Certification Monarque Or &#8211; Mention \u00c9meraude (2016 &#8211; 2017 &#8211; 2018 &#8211; 2019)<\/h4>\n\n\n\n<p>Environmentally responsible event, Ville de Victoriaville<\/p>\n<\/div>\n\n\n\n<div class=\"wp-block-column is-layout-flow wp-block-column-is-layout-flow\">\n<h4 class=\"wp-block-heading\">Prix Diffusion (2017)<\/h4>\n\n\n\n<p>Outreach Project &#8211; Sound Art Installations in Public Spaces, GalArt &#8211; Culture Centre-du-Qu\u00e9bec<\/p>\n<\/div>\n\n\n\n<div class=\"wp-block-column is-layout-flow wp-block-column-is-layout-flow\">\n<h4 class=\"wp-block-heading\">Certification Monarque Or (2015)<\/h4>\n\n\n\n<p>Environmentally responsible event, Ville de Victoriaville<\/p>\n<\/div>\n<\/div>\n\n\n\n<div class=\"wp-block-columns animate-zoom-in is-layout-flex wp-container-core-columns-is-layout-28f84493 wp-block-columns-is-layout-flex\">\n<div class=\"wp-block-column is-layout-flow wp-block-column-is-layout-flow\">\n<h4 class=\"wp-block-heading\">Certification Monarque Argent (2014)<\/h4>\n\n\n\n<p>Environmentally responsible event, Ville de Victoriaville<\/p>\n<\/div>\n\n\n\n<div class=\"wp-block-column is-layout-flow wp-block-column-is-layout-flow\">\n<h4 class=\"wp-block-heading\">Ordre Victorien (2014)<\/h4>\n\n\n\n<p>Michel Levasseur, recipient<\/p>\n<\/div>\n\n\n\n<div class=\"wp-block-column is-layout-flow wp-block-column-is-layout-flow\">\n<h4 class=\"wp-block-heading\">Certification Monarque Bronze (2013)<\/h4>\n\n\n\n<p>Environmentally responsible event, Ville de Victoriaville<\/p>\n<\/div>\n<\/div>\n\n\n\n<div class=\"wp-block-columns animate-zoom-in is-layout-flex wp-container-core-columns-is-layout-28f84493 wp-block-columns-is-layout-flex\">\n<div class=\"wp-block-column is-layout-flow wp-block-column-is-layout-flow\">\n<h4 class=\"wp-block-heading\">Laur\u00e9at r\u00e9gional (2008)<\/h4>\n\n\n\n<p>Festival and tourism event category &#8211; operating budget under $1 million<br\/>Grands Prix du Tourisme Qu\u00e9b\u00e9cois<\/p>\n<\/div>\n\n\n\n<div class=\"wp-block-column is-layout-flow wp-block-column-is-layout-flow\">\n<h4 class=\"wp-block-heading\">Prix Opus, Artistic Director of the Year (2008)<\/h4>\n\n\n\n<p>Michel Levasseur, General and Artistic Director<\/p>\n<\/div>\n\n\n\n<div class=\"wp-block-column is-layout-flow wp-block-column-is-layout-flow\">\n<h4 class=\"wp-block-heading\">Prix Hommage (2007)<\/h4>\n\n\n\n<p>Michel Levasseur, General and Artistic Director <br\/>Corporation de D\u00e9veloppement Culturel du Centre-du-Qu\u00e9bec<\/p>\n<\/div>\n<\/div>\n\n\n\n<div class=\"wp-block-columns animate-zoom-in is-layout-flex wp-container-core-columns-is-layout-28f84493 wp-block-columns-is-layout-flex\">\n<div class=\"wp-block-column is-layout-flow wp-block-column-is-layout-flow\">\n<h4 class=\"wp-block-heading\">Laur\u00e9at r\u00e9gional (2006)<\/h4>\n\n\n\n<p>Festival and tourism event category &#8211; operating budget under $1 million<br\/>Grands Prix du Tourisme Qu\u00e9b\u00e9cois<\/p>\n<\/div>\n\n\n\n<div class=\"wp-block-column is-layout-flow wp-block-column-is-layout-flow\">\n<h4 class=\"wp-block-heading\">Prix Sp\u00e9cial du jury &#8211; Laur\u00e9at r\u00e9gional (2002)<\/h4>\n\n\n\n<p>Non-competition category<br\/>Grands prix du tourisme qu\u00e9b\u00e9cois<\/p>\n<\/div>\n\n\n\n<div class=\"wp-block-column is-layout-flow wp-block-column-is-layout-flow\">\n<h4 class=\"wp-block-heading\">Prix Ambassadeur touristique par excellence (2002)<\/h4>\n\n\n\n<p>Tourisme Bois-Francs via the Panth\u00e9on de la Performance de la Chambre de Commerce et d\u2019Industrie des Bois-Francs (CCIBF)<\/p>\n<\/div>\n<\/div>\n\n\n\n<div class=\"wp-block-columns animate-zoom-in is-layout-flex wp-container-core-columns-is-layout-28f84493 wp-block-columns-is-layout-flex\">\n<div class=\"wp-block-column is-layout-flow wp-block-column-is-layout-flow\">\n<h4 class=\"wp-block-heading\">Prix Hommage (1998)<\/h4>\n\n\n\n<p>Michel Levasseur, General and Artistic Director<br\/>Soci\u00e9t\u00e9 des F\u00eates et Festivals du Qu\u00e9bec<\/p>\n<\/div>\n\n\n\n<div class=\"wp-block-column is-layout-flow wp-block-column-is-layout-flow\">\n<h4 class=\"wp-block-heading\">Grands prix du tourisme qu\u00e9b\u00e9cois (1996)<\/h4>\n\n\n\n<p>National finalist in the Promtion of Tourism category<br\/>Regional winner n the Promtion of Tourism category<\/p>\n<\/div>\n\n\n\n<div class=\"wp-block-column is-layout-flow wp-block-column-is-layout-flow\">\n<h4 class=\"wp-block-heading\">Prix La Touche magique (1996)<\/h4>\n\n\n\n<p>Soci\u00e9t\u00e9 des F\u00eates et Festivals du Qu\u00e9bec<\/p>\n<\/div>\n<\/div>\n\n\n\n<div class=\"wp-block-columns animate-zoom-in is-layout-flex wp-container-core-columns-is-layout-28f84493 wp-block-columns-is-layout-flex\">\n<div class=\"wp-block-column is-layout-flow wp-block-column-is-layout-flow\">\n<h4 class=\"wp-block-heading\">Prix La Touche magique (1992)<\/h4>\n\n\n\n<p>Soci\u00e9t\u00e9 des F\u00eates et Festivals du Qu\u00e9bec<\/p>\n<\/div>\n\n\n\n<div class=\"wp-block-column is-layout-flow wp-block-column-is-layout-flow\">\n<h4 class=\"wp-block-heading\">Laur\u00e9at r\u00e9gional (1991)<\/h4>\n\n\n\n<p>Regional winner n the Promtion of Tourism category<\/p>\n<\/div>\n\n\n\n<div class=\"wp-block-column is-layout-flow wp-block-column-is-layout-flow\">\n<h4 class=\"wp-block-heading\">Prix Ambassadeur (1990)<\/h4>\n\n\n\n<p>Michel Levasseur, General and Artistic Director \/ Festival International de Musique Actuelle de Victoriaville<br\/>Corporation de d\u00e9veloppement touristique des Bois-Francs<\/p>\n<\/div>\n<\/div>\n\n\n\n<div class=\"wp-block-columns animate-zoom-in is-layout-flex wp-container-core-columns-is-layout-28f84493 wp-block-columns-is-layout-flex\">\n<div class=\"wp-block-column is-layout-flow wp-block-column-is-layout-flow\">\n<h4 class=\"wp-block-heading\">Prix La Touche magique (1990)<\/h4>\n\n\n\n<p>Soci\u00e9t\u00e9 des F\u00eates et Festivals du Qu\u00e9bec<\/p>\n<\/div>\n\n\n\n<div class=\"wp-block-column is-layout-flow wp-block-column-is-layout-flow\">\n<h4 class=\"wp-block-heading\">PME Brador du C\u0153ur-du-Qu\u00e9bec (1989)<\/h4>\n\n\n\n<p>Minist\u00e8re du Tourisme<\/p>\n<\/div>\n\n\n\n<div class=\"wp-block-column is-layout-flow wp-block-column-is-layout-flow\">\n<h4 class=\"wp-block-heading\">Major Cultural Event (1987)<\/h4>\n\n\n\n<p>Qu\u00e9bec and Ottawa<\/p>\n<\/div>\n<\/div>\n<\/div><\/div>\n<\/div><\/div>\n\n<div class=\"wp-block-group\"><div class=\"wp-block-group__inner-container is-layout-constrained wp-block-group-is-layout-constrained\">\n<div class=\"wp-block-columns gtm-appel-action is-layout-flex wp-container-core-columns-is-layout-28f84493 wp-block-columns-is-layout-flex\">\n<div class=\"wp-block-column animate-fade-in is-layout-flow wp-block-column-is-layout-flow\">\n<div class=\"wp-block-cover gtm-bg gtm-action\" style=\"border-radius:0px;min-height:280px;aspect-ratio:unset;\"><img alt=\"\" loading=\"lazy\" decoding=\"async\" width=\"1024\" height=\"626\" class=\"wp-block-cover__image-background wp-image-3773 size-large\" alt=\"\" src=\"https:\/\/www.fimav.qc.ca\/wp-content\/uploads\/2025\/05\/FIRE-Orchestra-CBA-55-1024x626.jpg\" data-object-fit=\"cover\" srcset=\"https:\/\/www.fimav.qc.ca\/wp-content\/uploads\/2025\/05\/FIRE-Orchestra-CBA-55-1024x626.jpg 1024w, https:\/\/www.fimav.qc.ca\/wp-content\/uploads\/2025\/05\/FIRE-Orchestra-CBA-55-300x183.jpg 300w\" sizes=\"auto, (max-width: 1024px) 100vw, 1024px\" \/><span aria-hidden=\"true\" class=\"wp-block-cover__background has-background-dim-100 has-background-dim wp-block-cover__gradient-background has-background-gradient\" style=\"background:linear-gradient(135deg,rgb(23,22,22) 0%,rgba(23,22,22,0.47) 100%)\"><\/span><div class=\"wp-block-cover__inner-container is-layout-constrained wp-block-cover-is-layout-constrained\">\n<h3 class=\"wp-block-heading has-text-align-center\">CONCERTS<\/h3>\n\n\n\n<div class=\"wp-block-buttons is-content-justification-center is-layout-flex wp-container-core-buttons-is-layout-a89b3969 wp-block-buttons-is-layout-flex\">\n<div class=\"wp-block-button gtm-btn-primary\"><a class=\"wp-block-button__link wp-element-button\" href=\"https:\/\/www.fimav.qc.ca\/en\/concerts\/\">Find out more<\/a><\/div>\n<\/div>\n<\/div><\/div>\n<\/div>\n\n\n\n<div class=\"wp-block-column animate-fade-in-2 is-layout-flow wp-block-column-is-layout-flow\">\n<div class=\"wp-block-cover gtm-bg gtm-action\" style=\"border-radius:0px;min-height:280px;aspect-ratio:unset;\"><img alt=\"\" loading=\"lazy\" decoding=\"async\" width=\"5833\" height=\"3499\" class=\"wp-block-cover__image-background wp-image-2519\" alt=\"\" src=\"https:\/\/www.fimav.qc.ca\/wp-content\/uploads\/2025\/04\/EquipeFIMAV_2025.jpg\" data-object-fit=\"cover\" srcset=\"https:\/\/www.fimav.qc.ca\/wp-content\/uploads\/2025\/04\/EquipeFIMAV_2025.jpg 5833w, https:\/\/www.fimav.qc.ca\/wp-content\/uploads\/2025\/04\/EquipeFIMAV_2025-300x180.jpg 300w, https:\/\/www.fimav.qc.ca\/wp-content\/uploads\/2025\/04\/EquipeFIMAV_2025-1024x614.jpg 1024w\" sizes=\"auto, (max-width: 5833px) 100vw, 5833px\" \/><span aria-hidden=\"true\" class=\"wp-block-cover__background has-background-dim-100 has-background-dim wp-block-cover__gradient-background has-background-gradient\" style=\"background:linear-gradient(135deg,rgb(23,22,22) 0%,rgba(23,22,22,0.47) 100%)\"><\/span><div class=\"wp-block-cover__inner-container is-layout-constrained wp-block-cover-is-layout-constrained\">\n<h3 class=\"wp-block-heading has-text-align-center\">FIMAV TEAM<\/h3>\n\n\n\n<div class=\"wp-block-buttons is-content-justification-center is-layout-flex wp-container-core-buttons-is-layout-a89b3969 wp-block-buttons-is-layout-flex\">\n<div class=\"wp-block-button gtm-btn-primary\"><a class=\"wp-block-button__link wp-element-button\" href=\"https:\/\/www.fimav.qc.ca\/en\/the-fimav-team\/\">Find out more<\/a><\/div>\n<\/div>\n<\/div><\/div>\n<\/div>\n\n\n\n<div class=\"wp-block-column animate-fade-in-3 is-layout-flow wp-block-column-is-layout-flow\">\n<div class=\"wp-block-cover gtm-bg gtm-action\" style=\"border-radius:0px;min-height:280px;aspect-ratio:unset;\"><img alt=\"\" loading=\"lazy\" decoding=\"async\" width=\"2011\" height=\"1379\" class=\"wp-block-cover__image-background wp-image-2335\" alt=\"\" src=\"https:\/\/www.fimav.qc.ca\/wp-content\/uploads\/2025\/03\/FredFrithJohnZorn-1988-CreditSylvainLafleur.jpg\" data-object-fit=\"cover\" srcset=\"https:\/\/www.fimav.qc.ca\/wp-content\/uploads\/2025\/03\/FredFrithJohnZorn-1988-CreditSylvainLafleur.jpg 2011w, https:\/\/www.fimav.qc.ca\/wp-content\/uploads\/2025\/03\/FredFrithJohnZorn-1988-CreditSylvainLafleur-300x206.jpg 300w, https:\/\/www.fimav.qc.ca\/wp-content\/uploads\/2025\/03\/FredFrithJohnZorn-1988-CreditSylvainLafleur-1024x702.jpg 1024w\" sizes=\"auto, (max-width: 2011px) 100vw, 2011px\" \/><span aria-hidden=\"true\" class=\"wp-block-cover__background has-background-dim-100 has-background-dim wp-block-cover__gradient-background has-background-gradient\" style=\"background:linear-gradient(135deg,rgb(23,22,22) 0%,rgba(23,22,22,0.47) 100%)\"><\/span><div class=\"wp-block-cover__inner-container is-layout-constrained wp-block-cover-is-layout-constrained\">\n<h3 class=\"wp-block-heading has-text-align-center\">FIMAV HISTORY<\/h3>\n\n\n\n<div class=\"wp-block-buttons is-content-justification-center is-layout-flex wp-container-core-buttons-is-layout-a89b3969 wp-block-buttons-is-layout-flex\">\n<div class=\"wp-block-button gtm-btn-primary\"><a class=\"wp-block-button__link wp-element-button\" href=\"https:\/\/www.fimav.qc.ca\/en\/fimav-history\/\">Find out more<\/a><\/div>\n<\/div>\n<\/div><\/div>\n<\/div>\n<\/div>\n<\/div><\/div>\n\n<div class=\"wp-block-columns gtm-footer-standard animate-fade-in is-layout-flex wp-container-core-columns-is-layout-8dc9b08b wp-block-columns-is-layout-flex\" style=\"margin-top:0;margin-bottom:0\">\n<div class=\"wp-block-column is-layout-flow wp-block-column-is-layout-flow\">\n<div class=\"wp-block-columns are-vertically-aligned-center gtm-footer-content is-layout-flex wp-container-core-columns-is-layout-28f84493 wp-block-columns-is-layout-flex\">\n<div class=\"wp-block-column is-vertically-aligned-center is-layout-flow wp-block-column-is-layout-flow\"><div class=\"wp-block-image gtm-logo-footer\">\n<figure class=\"aligncenter size-large is-resized\"><a href=\"\/\"><img decoding=\"async\" src=\"https:\/\/www.fimav.qc.ca\/wp-content\/uploads\/2025\/01\/logo-fimav-42.png\" alt=\"Fimav logo\" style=\"width:264px;height:auto\"\/><\/a><\/figure>\n<\/div><\/div>\n\n\n\n<div class=\"wp-block-column is-vertically-aligned-center gtm-footer-center is-layout-flow wp-block-column-is-layout-flow\">\n<p><a href=\"https:\/\/maps.app.goo.gl\/yLL62MWrL36SGHNa8\" target=\"_blank\" rel=\"noreferrer noopener nofollow\">82, rue Notre-Dame Est<br\/>Victoriaville (Qu\u00e9bec), Canada G6P 3Z6<\/a><\/p>\n\n\n\n<p><a href=\"tel:18197527912\" target=\"_blank\" rel=\"noreferrer noopener nofollow\">1 819 752-7912<\/a><\/p>\n\n\n\n<div class=\"wp-block-buttons is-content-justification-center is-layout-flex wp-container-core-buttons-is-layout-a89b3969 wp-block-buttons-is-layout-flex\">\n<div class=\"wp-block-button gtm-btn-secondary\"><a class=\"wp-block-button__link wp-element-button\" href=\"https:\/\/www.fimav.qc.ca\/en\/contact-us-2\/\">Contact us<\/a><\/div>\n<\/div>\n<\/div>\n\n\n\n<div class=\"wp-block-column is-vertically-aligned-center gtm-footer-center is-layout-flow wp-block-column-is-layout-flow\">\n<ul class=\"wp-block-social-links is-content-justification-center is-layout-flex wp-container-core-social-links-is-layout-a89b3969 wp-block-social-links-is-layout-flex\"><li class=\"wp-social-link wp-social-link-facebook  gtm-ms wp-block-social-link\"><a href=\"https:\/\/www.facebook.com\/musiqueactuellevicto\" class=\"wp-block-social-link-anchor\"><svg width=\"24\" height=\"24\" viewBox=\"0 0 24 24\" version=\"1.1\" xmlns=\"http:\/\/www.w3.org\/2000\/svg\" aria-hidden=\"true\" focusable=\"false\"><path d=\"M12 2C6.5 2 2 6.5 2 12c0 5 3.7 9.1 8.4 9.9v-7H7.9V12h2.5V9.8c0-2.5 1.5-3.9 3.8-3.9 1.1 0 2.2.2 2.2.2v2.5h-1.3c-1.2 0-1.6.8-1.6 1.6V12h2.8l-.4 2.9h-2.3v7C18.3 21.1 22 17 22 12c0-5.5-4.5-10-10-10z\"><\/path><\/svg><span class=\"wp-block-social-link-label screen-reader-text\">Facebook<\/span><\/a><\/li>\n\n<li class=\"wp-social-link wp-social-link-youtube  wp-block-social-link\"><a href=\"https:\/\/www.youtube.com\/TheFimav\" class=\"wp-block-social-link-anchor\"><svg width=\"24\" height=\"24\" viewBox=\"0 0 24 24\" version=\"1.1\" xmlns=\"http:\/\/www.w3.org\/2000\/svg\" aria-hidden=\"true\" focusable=\"false\"><path d=\"M21.8,8.001c0,0-0.195-1.378-0.795-1.985c-0.76-0.797-1.613-0.801-2.004-0.847c-2.799-0.202-6.997-0.202-6.997-0.202 h-0.009c0,0-4.198,0-6.997,0.202C4.608,5.216,3.756,5.22,2.995,6.016C2.395,6.623,2.2,8.001,2.2,8.001S2,9.62,2,11.238v1.517 c0,1.618,0.2,3.237,0.2,3.237s0.195,1.378,0.795,1.985c0.761,0.797,1.76,0.771,2.205,0.855c1.6,0.153,6.8,0.201,6.8,0.201 s4.203-0.006,7.001-0.209c0.391-0.047,1.243-0.051,2.004-0.847c0.6-0.607,0.795-1.985,0.795-1.985s0.2-1.618,0.2-3.237v-1.517 C22,9.62,21.8,8.001,21.8,8.001z M9.935,14.594l-0.001-5.62l5.404,2.82L9.935,14.594z\"><\/path><\/svg><span class=\"wp-block-social-link-label screen-reader-text\">YouTube<\/span><\/a><\/li>\n\n<li class=\"wp-social-link wp-social-link-instagram  wp-block-social-link\"><a href=\"https:\/\/www.instagram.com\/fimav_victo\/\" class=\"wp-block-social-link-anchor\"><svg width=\"24\" height=\"24\" viewBox=\"0 0 24 24\" version=\"1.1\" xmlns=\"http:\/\/www.w3.org\/2000\/svg\" aria-hidden=\"true\" focusable=\"false\"><path d=\"M12,4.622c2.403,0,2.688,0.009,3.637,0.052c0.877,0.04,1.354,0.187,1.671,0.31c0.42,0.163,0.72,0.358,1.035,0.673 c0.315,0.315,0.51,0.615,0.673,1.035c0.123,0.317,0.27,0.794,0.31,1.671c0.043,0.949,0.052,1.234,0.052,3.637 s-0.009,2.688-0.052,3.637c-0.04,0.877-0.187,1.354-0.31,1.671c-0.163,0.42-0.358,0.72-0.673,1.035 c-0.315,0.315-0.615,0.51-1.035,0.673c-0.317,0.123-0.794,0.27-1.671,0.31c-0.949,0.043-1.233,0.052-3.637,0.052 s-2.688-0.009-3.637-0.052c-0.877-0.04-1.354-0.187-1.671-0.31c-0.42-0.163-0.72-0.358-1.035-0.673 c-0.315-0.315-0.51-0.615-0.673-1.035c-0.123-0.317-0.27-0.794-0.31-1.671C4.631,14.688,4.622,14.403,4.622,12 s0.009-2.688,0.052-3.637c0.04-0.877,0.187-1.354,0.31-1.671c0.163-0.42,0.358-0.72,0.673-1.035 c0.315-0.315,0.615-0.51,1.035-0.673c0.317-0.123,0.794-0.27,1.671-0.31C9.312,4.631,9.597,4.622,12,4.622 M12,3 C9.556,3,9.249,3.01,8.289,3.054C7.331,3.098,6.677,3.25,6.105,3.472C5.513,3.702,5.011,4.01,4.511,4.511 c-0.5,0.5-0.808,1.002-1.038,1.594C3.25,6.677,3.098,7.331,3.054,8.289C3.01,9.249,3,9.556,3,12c0,2.444,0.01,2.751,0.054,3.711 c0.044,0.958,0.196,1.612,0.418,2.185c0.23,0.592,0.538,1.094,1.038,1.594c0.5,0.5,1.002,0.808,1.594,1.038 c0.572,0.222,1.227,0.375,2.185,0.418C9.249,20.99,9.556,21,12,21s2.751-0.01,3.711-0.054c0.958-0.044,1.612-0.196,2.185-0.418 c0.592-0.23,1.094-0.538,1.594-1.038c0.5-0.5,0.808-1.002,1.038-1.594c0.222-0.572,0.375-1.227,0.418-2.185 C20.99,14.751,21,14.444,21,12s-0.01-2.751-0.054-3.711c-0.044-0.958-0.196-1.612-0.418-2.185c-0.23-0.592-0.538-1.094-1.038-1.594 c-0.5-0.5-1.002-0.808-1.594-1.038c-0.572-0.222-1.227-0.375-2.185-0.418C14.751,3.01,14.444,3,12,3L12,3z M12,7.378 c-2.552,0-4.622,2.069-4.622,4.622S9.448,16.622,12,16.622s4.622-2.069,4.622-4.622S14.552,7.378,12,7.378z M12,15 c-1.657,0-3-1.343-3-3s1.343-3,3-3s3,1.343,3,3S13.657,15,12,15z M16.804,6.116c-0.596,0-1.08,0.484-1.08,1.08 s0.484,1.08,1.08,1.08c0.596,0,1.08-0.484,1.08-1.08S17.401,6.116,16.804,6.116z\"><\/path><\/svg><span class=\"wp-block-social-link-label screen-reader-text\">Instagram<\/span><\/a><\/li><\/ul>\n<\/div>\n<\/div>\n<\/div>\n<\/div>\n","protected":false},"excerpt":{"rendered":"<p>Awards and Recognition Prix Hommage (2025) Awarded to Michel Levasseur for his career achievementsGala Prix Opus edition 28 Prix Hommage (2023) Michel Levasseur, General and Artistic Director \/ Joanne V\u00e9zina, Administrative DirectorGalArt &#8211; Culture Centre-du-Qu\u00e9bec Bons coups du communautaire (2023) For the project \u00ab Une plateforme pour la r\u00e9insertion sociale \u00bb, Corporation de d\u00e9veloppement communautaire <a href=\"https:\/\/www.fimav.qc.ca\/en\/awards-and-recognition\/\" class=\"more-link\">&#8230;<span class=\"screen-reader-text\">  Awards and Recognition<\/span><\/a><\/p>\n","protected":false},"author":1,"featured_media":4626,"parent":0,"menu_order":0,"comment_status":"closed","ping_status":"closed","template":"","meta":{"_seopress_robots_primary_cat":"","_seopress_titles_title":"","_seopress_titles_desc":"Reconnu dans son milieu depuis 1987, le FIMAV vous pr\u00e9sente les diff\u00e9rentes distinctions et reconnaissances re\u00e7ues au fil des ans.","_seopress_robots_index":"","inline_featured_image":false,"footnotes":""},"class_list":["post-1760","page","type-page","status-publish","has-post-thumbnail","hentry"],"_links":{"self":[{"href":"https:\/\/www.fimav.qc.ca\/en\/wp-json\/wp\/v2\/pages\/1760","targetHints":{"allow":["GET"]}}],"collection":[{"href":"https:\/\/www.fimav.qc.ca\/en\/wp-json\/wp\/v2\/pages"}],"about":[{"href":"https:\/\/www.fimav.qc.ca\/en\/wp-json\/wp\/v2\/types\/page"}],"author":[{"embeddable":true,"href":"https:\/\/www.fimav.qc.ca\/en\/wp-json\/wp\/v2\/users\/1"}],"replies":[{"embeddable":true,"href":"https:\/\/www.fimav.qc.ca\/en\/wp-json\/wp\/v2\/comments?post=1760"}],"version-history":[{"count":8,"href":"https:\/\/www.fimav.qc.ca\/en\/wp-json\/wp\/v2\/pages\/1760\/revisions"}],"predecessor-version":[{"id":4469,"href":"https:\/\/www.fimav.qc.ca\/en\/wp-json\/wp\/v2\/pages\/1760\/revisions\/4469"}],"wp:featuredmedia":[{"embeddable":true,"href":"https:\/\/www.fimav.qc.ca\/en\/wp-json\/wp\/v2\/media\/4626"}],"wp:attachment":[{"href":"https:\/\/www.fimav.qc.ca\/en\/wp-json\/wp\/v2\/media?parent=1760"}],"curies":[{"name":"wp","href":"https:\/\/api.w.org\/{rel}","templated":true}]}}